{"id":7871,"date":"2024-06-18T10:09:55","date_gmt":"2024-06-18T08:09:55","guid":{"rendered":"https:\/\/campus.caae.es\/eva\/?page_id=7871"},"modified":"2024-06-28T16:50:02","modified_gmt":"2024-06-28T14:50:02","slug":"politica-de-privacicad-para-webinar","status":"publish","type":"page","link":"https:\/\/campus.caae.es\/eva\/politica-de-privacicad-para-webinar\/","title":{"rendered":"Pol\u00edtica de privacicad para webinar"},"content":{"rendered":"<div class=\"wp-block-image\"><figure class=\"alignright size-large is-resized\"><a href=\"https:\/\/campus.caae.es\/eva\/wp-content\/uploads\/2022\/01\/logotipo_CAAE_sinmarconegroColor-01-scaled.jpg\"><img loading=\"lazy\" decoding=\"async\" width=\"1024\" height=\"663\" src=\"https:\/\/campus.caae.es\/eva\/wp-content\/uploads\/2022\/01\/logotipo_CAAE_sinmarconegroColor-01-1024x663.jpg\" alt=\"\" class=\"wp-image-6587\" style=\"width:172px;height:auto\" srcset=\"https:\/\/campus.caae.es\/eva\/wp-content\/uploads\/2022\/01\/logotipo_CAAE_sinmarconegroColor-01-1024x663.jpg 1024w, https:\/\/campus.caae.es\/eva\/wp-content\/uploads\/2022\/01\/logotipo_CAAE_sinmarconegroColor-01-300x194.jpg 300w, https:\/\/campus.caae.es\/eva\/wp-content\/uploads\/2022\/01\/logotipo_CAAE_sinmarconegroColor-01-768x498.jpg 768w, https:\/\/campus.caae.es\/eva\/wp-content\/uploads\/2022\/01\/logotipo_CAAE_sinmarconegroColor-01-1536x995.jpg 1536w, https:\/\/campus.caae.es\/eva\/wp-content\/uploads\/2022\/01\/logotipo_CAAE_sinmarconegroColor-01-2048x1327.jpg 2048w, https:\/\/campus.caae.es\/eva\/wp-content\/uploads\/2022\/01\/logotipo_CAAE_sinmarconegroColor-01-600x389.jpg 600w\" sizes=\"(max-width: 1024px) 100vw, 1024px\" \/><\/a><\/figure><\/div><p><strong>P\u00d3LITICA DE PROTECCI\u00d3N DE DATOS PARA WEBINAR<br>\u00a0\u201c<strong>WEBINAR GANADER\u00cdA Y HERB\u00c1CEOS ECO EN CASTILLA Y LE\u00d3N<\/strong>\u201d<\/strong><\/p><p>la aceptaci\u00f3n de la pol\u00edtica por el siguiente texto para cumplir con la normativa de protecci\u00f3n de datos:<\/p><p><strong>Responsable: SERVICIO DE CERTIFICACI\u00d3N CAAE, S.L.U.<\/strong><\/p><p><strong>Fines y legitimaci\u00f3n del tratamiento<\/strong>: <a>inscripci\u00f3n, gesti\u00f3n y control del webinar <\/a>de CAAE \u201c<strong><strong>WEBINAR GANADER\u00cdA Y HERB\u00c1CEOS ECO EN CASTILLA Y LE\u00d3N<\/strong><\/strong>\u201d (para la ejecuci\u00f3n de un contrato o precontrato con el interesado art. 6.1.b RGPD) \u00a0<\/p><p><strong>Criterios de conservaci\u00f3n de los datos<\/strong>: se conservar\u00e1n durante no m\u00e1s tiempo del necesario para mantener el fin del tratamiento o mientras existan prescripciones legales que dictaminen su custodia y cuando ya no sea necesario para ello, se suprimir\u00e1n con medidas de seguridad adecuadas para garantizar la anonimizaci\u00f3n de los datos o la destrucci\u00f3n total de los mismos.<\/p><p><strong>Comunicaci\u00f3n de los datos<\/strong>: se podr\u00e1n comunicar sus datos a terceros por ser necesarios para lograr la finalidad del tratamiento, o por obligaci\u00f3n legal.<\/p><p><strong>Derechos que asisten al Usuario<\/strong>: Derecho de acceso, rectificaci\u00f3n, portabilidad y supresi\u00f3n de sus datos, y de limitaci\u00f3n u oposici\u00f3n a su tratamiento. Derecho a presentar una reclamaci\u00f3n ante la Autoridad de control (<a href=\"http:\/\/www.aepd.es\">www.aepd.es<\/a>) si considera que el tratamiento no se ajusta a la normativa vigente.<\/p><p><strong>Datos de contacto para ejercer sus derechos<\/strong>: <a href=\"mailto:protecciondedatos@caae.es\">protecciondedatos@caae.es<\/a>. AVENIDA DIEGO MARTINEZ BARRIO (Edificio INSUR), 10 3\u00aa planta, m\u00f3dulo 12 &#8211; 41013 SEVILLA (Sevilla). Contacto del Delegado de Protecci\u00f3n de Datos: <a href=\"mailto:RGPD@FERNANDEZPALACIOS.COM\">RGPD@FERNANDEZPALACIOS.COM<\/a> y domicilio en Plaza de la Magdalena, n\u00ba9, piso 4\u00ba, Sevilla, 41001.<\/p><p><strong>M\u00e1s informaci\u00f3n:<\/strong><\/p><p><\/p><p class=\"has-text-align-right\"><mark style=\"background-color:rgba(0, 0, 0, 0)\" class=\"has-inline-color has-vivid-green-cyan-color\">Servicio de Certificaci\u00f3n CAAE<br>Tfno. 955 018968<br>Email: protecciondedatos@caae.es<\/mark><\/p><p><\/p>","protected":false},"excerpt":{"rendered":"<p>P\u00d3LITICA DE PROTECCI\u00d3N DE DATOS PARA WEBINAR\u00a0\u201cWEBINAR GANADER\u00cdA Y HERB\u00c1CEOS ECO EN CASTILLA Y LE\u00d3N\u201d la aceptaci\u00f3n de la pol\u00edtica por el siguiente texto para cumplir con la normativa de&#8230;<\/p>\n","protected":false},"author":27,"featured_media":0,"parent":0,"menu_order":0,"comment_status":"closed","ping_status":"closed","template":"","meta":{"footnotes":""},"_links":{"self":[{"href":"https:\/\/campus.caae.es\/eva\/wp-json\/wp\/v2\/pages\/7871"}],"collection":[{"href":"https:\/\/campus.caae.es\/eva\/wp-json\/wp\/v2\/pages"}],"about":[{"href":"https:\/\/campus.caae.es\/eva\/wp-json\/wp\/v2\/types\/page"}],"author":[{"embeddable":true,"href":"https:\/\/campus.caae.es\/eva\/wp-json\/wp\/v2\/users\/27"}],"replies":[{"embeddable":true,"href":"https:\/\/campus.caae.es\/eva\/wp-json\/wp\/v2\/comments?post=7871"}],"version-history":[{"count":2,"href":"https:\/\/campus.caae.es\/eva\/wp-json\/wp\/v2\/pages\/7871\/revisions"}],"predecessor-version":[{"id":7975,"href":"https:\/\/campus.caae.es\/eva\/wp-json\/wp\/v2\/pages\/7871\/revisions\/7975"}],"wp:attachment":[{"href":"https:\/\/campus.caae.es\/eva\/wp-json\/wp\/v2\/media?parent=7871"}],"curies":[{"name":"wp","href":"https:\/\/api.w.org\/{rel}","templated":true}]}}