{"id":8113,"date":"2024-09-20T19:50:25","date_gmt":"2024-09-20T17:50:25","guid":{"rendered":"https:\/\/campus.caae.es\/eva\/?page_id=8113"},"modified":"2025-10-22T09:31:13","modified_gmt":"2025-10-22T07:31:13","slug":"webinar-citricos-en-produccion-ecologica","status":"publish","type":"page","link":"https:\/\/campus.caae.es\/eva\/webinar-citricos-en-produccion-ecologica\/","title":{"rendered":"WEBINAR\u00a0C\u00cdTRICOS: OPORTUNIDADES DE MERCADO Y ACTUALIZACIONES GLOBAL G.A.P."},"content":{"rendered":"<figure class=\"wp-block-gallery has-nested-images columns-default is-cropped wp-block-gallery-1 is-layout-flex wp-block-gallery-is-layout-flex\"><figure class=\"wp-block-image size-large\"><a href=\"https:\/\/campus.caae.es\/eva\/wp-content\/uploads\/2024\/09\/CAAE-Webinar-Citricos-horizontal.png\"><img loading=\"lazy\" decoding=\"async\" width=\"1024\" height=\"183\" data-id=\"8131\" src=\"https:\/\/campus.caae.es\/eva\/wp-content\/uploads\/2024\/09\/CAAE-Webinar-Citricos-horizontal-1024x183.png\" alt=\"\" class=\"wp-image-8131\" srcset=\"https:\/\/campus.caae.es\/eva\/wp-content\/uploads\/2024\/09\/CAAE-Webinar-Citricos-horizontal-1024x183.png 1024w, https:\/\/campus.caae.es\/eva\/wp-content\/uploads\/2024\/09\/CAAE-Webinar-Citricos-horizontal-300x54.png 300w, https:\/\/campus.caae.es\/eva\/wp-content\/uploads\/2024\/09\/CAAE-Webinar-Citricos-horizontal-768x137.png 768w, https:\/\/campus.caae.es\/eva\/wp-content\/uploads\/2024\/09\/CAAE-Webinar-Citricos-horizontal-1536x274.png 1536w, https:\/\/campus.caae.es\/eva\/wp-content\/uploads\/2024\/09\/CAAE-Webinar-Citricos-horizontal-600x107.png 600w, https:\/\/campus.caae.es\/eva\/wp-content\/uploads\/2024\/09\/CAAE-Webinar-Citricos-horizontal.png 1631w\" sizes=\"(max-width: 1024px) 100vw, 1024px\" \/><\/a><\/figure><\/figure><p><strong><mark style=\"background-color:rgba(0, 0, 0, 0)\" class=\"has-inline-color has-light-green-cyan-color\">WEBINAR&nbsp;C\u00cdTRICOS: OPORTUNIDADES DE MERCADO Y ACTUALIZACIONES GLOBAL G.A.P.<\/mark><\/strong><\/p><p>CAAE, empresa l\u00edder de certificaci\u00f3n,&nbsp;organiza un webinar sobre la comercializaci\u00f3n de productos c\u00edtricos ecol\u00f3gicos a los principales mercados del mundo.<\/p><p>Los&nbsp;productos <strong>c\u00edtricos&nbsp;<\/strong>con destino a los mercados m\u00e1s potentes del sector ecol\u00f3gico: los mayores consumidores, los m\u00e1s exigentes, los m\u00e1s sostenibles para acceder a las principales cadenas de distribuci\u00f3n de alimentos\u2026 Conoce todos los detalles, oportunidades y requisitos en una jornada online que hemos preparado con los mejores especialistas, y que tambi\u00e9n contar\u00e1 con testimonios de empresas que ya poseen estas certificaciones, para que conozcas de primera mano sus experiencias.<\/p><p><strong><mark style=\"background-color:rgba(0, 0, 0, 0)\" class=\"has-inline-color has-luminous-vivid-orange-color\">\u00bfCU\u00c1NDO?<\/mark><\/strong><br><br>FECHA: 26 DE SEPTIEMBRE &nbsp;(JUEVES) A LAS 12:00<br>DURACI\u00d3N APROXIMADA: 1 HORA<\/p><p><mark style=\"background-color:rgba(0, 0, 0, 0)\" class=\"has-inline-color has-vivid-red-color\">Jornada finalizada. <\/mark>Si quiere ver la grabaci\u00f3n<strong> <mark style=\"background-color:rgba(0, 0, 0, 0)\" class=\"has-inline-color has-vivid-red-color\">solicite el acceso al video desde<a href=\"https:\/\/forms.caae.es\/caae\/form\/SolicitudOfertaOnlineFormacin\/formperma\/QQz7YzKPexhar0MhgkXvnggUTkPUDPe_9OK5l0llXz4\" target=\"_blank\" rel=\"noreferrer noopener\"> AQU\u00cd<\/a> <\/mark><\/strong>Indicando el nombre del webinar <strong>&#8220;CITRICOS: OPORTUNIDADES DE MERCADO Y ACTUALIZACIONES GLOBAL GAP&#8221;<\/strong><\/p><p><strong><mark style=\"background-color:rgba(0, 0, 0, 0)\" class=\"has-inline-color has-luminous-vivid-amber-color\">Programa:<\/mark><\/strong><\/p><p><strong>12:00 Bienvenida y presentaci\u00f3n del Webinar<\/strong><br><br>Alejandro Hevilla Sol\u00eds, delegado CAAE para Subtropicales y Hort\u00edcolas<\/p><p><strong>12:05 Certificaci\u00f3n de la Producci\u00f3n Citr\u00edcola Ecol\u00f3gica y Situaci\u00f3n del sector<\/strong><br><br>Jos\u00e9 Manuel G\u00f3mez Cejas, delegado CAAE para berries, c\u00edtricos, frutales y otras producciones<\/p><p><strong>12:30 Manejo en campo en Producci\u00f3n Ecol\u00f3gica.<\/strong><br><br>Jos\u00e9 Manuel Romero Zeas, asesor y productor Guadalhorce<\/p><p><strong>12:45 Comercializaci\u00f3n\/mercados<\/strong><br><br>Nacho Ricca Ribelles, Prina Agrotecnica SL<\/p><p><strong>13:00 GlobalGAP en c\u00edtricos<\/strong><\/p><p>Rosario Saseta Navarro, Consultora Agroalimentaria del Sur<\/p><p><strong>13:15 Conclusiones<\/strong><\/p><p><strong><mark style=\"background-color:rgba(0, 0, 0, 0)\" class=\"has-inline-color has-vivid-green-cyan-color\">CONTACTO<\/mark><\/strong><\/p><p>General:&nbsp;<a href=\"mailto:info@caae.es\">info@caae.es<\/a><\/p><p>Jos\u00e9 Manuel G\u00f3mez Cejas (<a href=\"mailto:jmgomez@caae.es\">jmgomez@caae.es<\/a>)<\/p><p>Consulte&nbsp;<a href=\"https:\/\/campus.caae.es\/eva\/wp-content\/uploads\/2024\/09\/Politica-de-Proteccion-de-datos-frutos-secos.pdf\" target=\"_blank\" rel=\"noreferrer noopener\">Nuestra pol\u00edtica de protecci\u00f3n de datos<\/a>&nbsp;para esta jornada (incluir aqu\u00ed la pol\u00edtica de privacidad que adjunto, espec\u00edfica de c\u00edtricos)<\/p>","protected":false},"excerpt":{"rendered":"<p>WEBINAR&nbsp;C\u00cdTRICOS: OPORTUNIDADES DE MERCADO Y ACTUALIZACIONES GLOBAL G.A.P. CAAE, empresa l\u00edder de certificaci\u00f3n,&nbsp;organiza un webinar sobre la comercializaci\u00f3n de productos c\u00edtricos ecol\u00f3gicos a los principales mercados del mundo. Los&nbsp;productos c\u00edtricos&nbsp;con&#8230;<\/p>\n","protected":false},"author":27,"featured_media":0,"parent":0,"menu_order":0,"comment_status":"closed","ping_status":"closed","template":"","meta":{"footnotes":""},"_links":{"self":[{"href":"https:\/\/campus.caae.es\/eva\/wp-json\/wp\/v2\/pages\/8113"}],"collection":[{"href":"https:\/\/campus.caae.es\/eva\/wp-json\/wp\/v2\/pages"}],"about":[{"href":"https:\/\/campus.caae.es\/eva\/wp-json\/wp\/v2\/types\/page"}],"author":[{"embeddable":true,"href":"https:\/\/campus.caae.es\/eva\/wp-json\/wp\/v2\/users\/27"}],"replies":[{"embeddable":true,"href":"https:\/\/campus.caae.es\/eva\/wp-json\/wp\/v2\/comments?post=8113"}],"version-history":[{"count":8,"href":"https:\/\/campus.caae.es\/eva\/wp-json\/wp\/v2\/pages\/8113\/revisions"}],"predecessor-version":[{"id":9125,"href":"https:\/\/campus.caae.es\/eva\/wp-json\/wp\/v2\/pages\/8113\/revisions\/9125"}],"wp:attachment":[{"href":"https:\/\/campus.caae.es\/eva\/wp-json\/wp\/v2\/media?parent=8113"}],"curies":[{"name":"wp","href":"https:\/\/api.w.org\/{rel}","templated":true}]}}