{"id":8267,"date":"2024-11-12T12:23:01","date_gmt":"2024-11-12T11:23:01","guid":{"rendered":"https:\/\/campus.caae.es\/eva\/?page_id=8267"},"modified":"2025-03-05T12:18:27","modified_gmt":"2025-03-05T11:18:27","slug":"quienes-somos","status":"publish","type":"page","link":"https:\/\/campus.caae.es\/eva\/quienes-somos\/","title":{"rendered":"Quienes somos"},"content":{"rendered":"[vc_row type=&#8221;in_container&#8221; full_screen_row_position=&#8221;middle&#8221; column_margin=&#8221;default&#8221; column_direction=&#8221;default&#8221; column_direction_tablet=&#8221;default&#8221; column_direction_phone=&#8221;default&#8221; scene_position=&#8221;center&#8221; text_color=&#8221;dark&#8221; text_align=&#8221;left&#8221; row_border_radius=&#8221;none&#8221; row_border_radius_applies=&#8221;bg&#8221; overflow=&#8221;visible&#8221; overlay_strength=&#8221;0.3&#8243; gradient_direction=&#8221;left_to_right&#8221; shape_divider_position=&#8221;bottom&#8221; bg_image_animation=&#8221;none&#8221;][vc_column column_padding=&#8221;no-extra-padding&#8221; column_padding_tablet=&#8221;inherit&#8221; column_padding_phone=&#8221;inherit&#8221; column_padding_position=&#8221;all&#8221; column_element_spacing=&#8221;default&#8221; background_color_opacity=&#8221;1&#8243; background_hover_color_opacity=&#8221;1&#8243; column_shadow=&#8221;none&#8221; column_border_radius=&#8221;none&#8221; column_link_target=&#8221;_self&#8221; column_position=&#8221;default&#8221; gradient_direction=&#8221;left_to_right&#8221; overlay_strength=&#8221;0.3&#8243; width=&#8221;1\/1&#8243; tablet_width_inherit=&#8221;default&#8221; tablet_text_alignment=&#8221;default&#8221; phone_text_alignment=&#8221;default&#8221; animation_type=&#8221;default&#8221; bg_image_animation=&#8221;none&#8221; border_type=&#8221;simple&#8221; column_border_width=&#8221;none&#8221; column_border_style=&#8221;solid&#8221;][vc_row_inner column_margin=&#8221;default&#8221; column_direction=&#8221;default&#8221; column_direction_tablet=&#8221;default&#8221; column_direction_phone=&#8221;default&#8221; text_align=&#8221;left&#8221; row_position=&#8221;default&#8221; row_position_tablet=&#8221;inherit&#8221; row_position_phone=&#8221;inherit&#8221; overflow=&#8221;visible&#8221; pointer_events=&#8221;all&#8221;][vc_column_inner column_padding=&#8221;no-extra-padding&#8221; column_padding_tablet=&#8221;inherit&#8221; column_padding_phone=&#8221;inherit&#8221; column_padding_position=&#8221;all&#8221; column_element_spacing=&#8221;default&#8221; background_color_opacity=&#8221;1&#8243; background_hover_color_opacity=&#8221;1&#8243; column_shadow=&#8221;none&#8221; column_border_radius=&#8221;none&#8221; column_link_target=&#8221;_self&#8221; gradient_direction=&#8221;left_to_right&#8221; overlay_strength=&#8221;0.3&#8243; width=&#8221;1\/1&#8243; tablet_width_inherit=&#8221;default&#8221; animation_type=&#8221;default&#8221; bg_image_animation=&#8221;none&#8221; border_type=&#8221;simple&#8221; column_border_width=&#8221;none&#8221; column_border_style=&#8221;solid&#8221;][\/vc_column_inner][\/vc_row_inner][vc_custom_heading text=&#8221;QUIENES SOMOS&#8221; font_container=&#8221;tag:h1|text_align:left|color:%232ba812&#8243; use_theme_fonts=&#8221;yes&#8221;][vc_column_text]\r\n<p>&nbsp;<\/p>\r\n<p>&nbsp;<\/p>\r\n<p>CAAE es una entidad de \u00e1mbito internacional en certificaci\u00f3n con un enfoque global para un mundo m\u00e1s org\u00e1nico, que ofrece servicios que cubren todas las necesidades del sector.<\/p>\r\n<p>Nuestra historia es la suma de miles de historias: hemos dedicado los \u00faltimos 30 a\u00f1os a colaborar con m\u00e1s de 17.500 productores, adem\u00e1s de consumidores, para revalorizar,\u00a0profesionalizar su esfuerzo e innovar en el sector.<\/p>\r\n<p>Desde 1991, CAAE presta servicios de certificaci\u00f3n y control para el sector agroalimentario. Entre otras cosas, fuimos los primeros en la creaci\u00f3n de normas para la acuicultura ecol\u00f3gica, la restauraci\u00f3n, insumos, jardiner\u00eda, cosm\u00e9tica y el comercio con marca CAAE, insumos UNE y cosm\u00e9ticos COSMOS.<\/p>\r\n<p>La personalidad en CAAE est\u00e1 marcada por todas esas experiencias: en nuestros servicios de certificaci\u00f3n, formaci\u00f3n y aplicaciones, encontrar\u00e1s imparcialidad, rigor t\u00e9cnico, profesionalidad, eficiencia, cercan\u00eda y sencillez.<\/p>\r\n[\/vc_column_text][image_with_animation image_url=&#8221;8824&#8243; image_size=&#8221;full&#8221; animation_type=&#8221;entrance&#8221; animation=&#8221;Fade In&#8221; hover_animation=&#8221;none&#8221; alignment=&#8221;&#8221; border_radius=&#8221;none&#8221; box_shadow=&#8221;none&#8221; image_loading=&#8221;default&#8221; max_width=&#8221;100%&#8221; max_width_mobile=&#8221;default&#8221;][divider line_type=&#8221;No Line&#8221;][vc_video link=&#8221;https:\/\/www.youtube.com\/watch?v=s7KbVwt35ms&#8221; align=&#8221;center&#8221;][\/vc_column][\/vc_row][vc_row type=&#8221;in_container&#8221; full_screen_row_position=&#8221;middle&#8221; column_margin=&#8221;default&#8221; column_direction=&#8221;default&#8221; column_direction_tablet=&#8221;default&#8221; column_direction_phone=&#8221;default&#8221; scene_position=&#8221;center&#8221; text_color=&#8221;dark&#8221; text_align=&#8221;left&#8221; row_border_radius=&#8221;none&#8221; row_border_radius_applies=&#8221;bg&#8221; overflow=&#8221;visible&#8221; overlay_strength=&#8221;0.3&#8243; gradient_direction=&#8221;left_to_right&#8221; shape_divider_position=&#8221;bottom&#8221; bg_image_animation=&#8221;none&#8221;][vc_column column_padding=&#8221;no-extra-padding&#8221; column_padding_tablet=&#8221;inherit&#8221; column_padding_phone=&#8221;inherit&#8221; column_padding_position=&#8221;all&#8221; column_element_spacing=&#8221;default&#8221; background_color_opacity=&#8221;1&#8243; background_hover_color_opacity=&#8221;1&#8243; column_shadow=&#8221;none&#8221; column_border_radius=&#8221;none&#8221; column_link_target=&#8221;_self&#8221; column_position=&#8221;default&#8221; gradient_direction=&#8221;left_to_right&#8221; overlay_strength=&#8221;0.3&#8243; width=&#8221;1\/1&#8243; tablet_width_inherit=&#8221;default&#8221; tablet_text_alignment=&#8221;default&#8221; phone_text_alignment=&#8221;default&#8221; animation_type=&#8221;default&#8221; bg_image_animation=&#8221;none&#8221; border_type=&#8221;simple&#8221; column_border_width=&#8221;none&#8221; column_border_style=&#8221;solid&#8221;][vc_column_text]\r\n<figure class=\"wp-block-embed is-type-video is-provider-youtube wp-block-embed-youtube wp-embed-aspect-16-9 wp-has-aspect-ratio\">\r\n<div class=\"wp-block-embed__wrapper\">\r\n<p>Actualmente, CAAE es la entidad de certificaci\u00f3n especializada en producci\u00f3n ecol\u00f3gica que m\u00e1s hect\u00e1reas certifica en Europa (m\u00e1s de 2.000.000 de hect\u00e1reas), contando adem\u00e1s con delegaciones en Per\u00fa y M\u00e9xico.<\/p>\r\n<p>CAAE est\u00e1 acreditados por la Entidad Nacional de Acreditaci\u00f3n (ENAC) bajo la norma UNE-EN-ISO\/IEC 17065:2012 para los alcances de producci\u00f3n ecol\u00f3gica (productos vegetales, productos animales, acuicultura, material de reproducci\u00f3n vegetal y semillas, productos transformados para alimentaci\u00f3n humana y animal) y Global G.A.P. (frutas y hortalizas), Adem\u00e1s de para cosm\u00e9tica COSMOS.<\/p>\r\n<p>&nbsp;<\/p>\r\n<p>Adem\u00e1s, CAAE est\u00e1 acreditado por el USDA (Departamento de Agricultura de Estados Unidos) para la actividad de certificaci\u00f3n bajo los est\u00e1ndares NOP (National Organic Program) y por MAFF (Ministerio de Agricultura, Pesca y Alimentaci\u00f3n de Jap\u00f3n) para la certificaci\u00f3n bajo est\u00e1ndares JAS (Japanese Agricultural Standards).<\/p>\r\n<p><!-- \/wp:paragraph --><\/p>\r\n<\/div>\r\n<\/figure>\r\n[\/vc_column_text][image_with_animation image_url=&#8221;8830&#8243; image_size=&#8221;full&#8221; animation_type=&#8221;entrance&#8221; animation=&#8221;Fade In&#8221; hover_animation=&#8221;none&#8221; alignment=&#8221;&#8221; border_radius=&#8221;none&#8221; box_shadow=&#8221;none&#8221; image_loading=&#8221;default&#8221; max_width=&#8221;100%&#8221; max_width_mobile=&#8221;default&#8221;][vc_column_text]\r\n<figure class=\"wp-block-embed is-type-video is-provider-youtube wp-block-embed-youtube wp-embed-aspect-16-9 wp-has-aspect-ratio\">\r\n<div class=\"wp-block-embed__wrapper\">\r\n<p><span data-teams=\"true\">A esto hay que a\u00f1adir normas ligadas al territorio, como son distintas denominaciones de origen, Setas de Castilla y Le\u00f3n, Mango de M\u00e1laga, &#8230;<\/span><\/p>\r\n<!-- \/wp:paragraph -->\r\n<p><!-- wp:paragraph -->Nuestro departamento de formaci\u00f3n consolida sus actividades, elabor\u00e1ndolas a partir de los documentos internos y experiencia de CAAE usados en la formaci\u00f3n de su propio equipo durante sus m\u00e1s de 30 a\u00f1os, cursos, seminarios y el resto de las acciones.<\/p>\r\n<p><!-- \/wp:paragraph --><\/p>\r\n<\/div>\r\n<\/figure>\r\n[\/vc_column_text][\/vc_column][\/vc_row]","protected":false},"excerpt":{"rendered":"<p>[vc_row type=&#8221;in_container&#8221; full_screen_row_position=&#8221;middle&#8221; column_margin=&#8221;default&#8221; column_direction=&#8221;default&#8221; column_direction_tablet=&#8221;default&#8221; column_direction_phone=&#8221;default&#8221; scene_position=&#8221;center&#8221; text_color=&#8221;dark&#8221; text_align=&#8221;left&#8221; row_border_radius=&#8221;none&#8221; row_border_radius_applies=&#8221;bg&#8221; overflow=&#8221;visible&#8221; overlay_strength=&#8221;0.3&#8243; gradient_direction=&#8221;left_to_right&#8221; shape_divider_position=&#8221;bottom&#8221; bg_image_animation=&#8221;none&#8221;][vc_column column_padding=&#8221;no-extra-padding&#8221; column_padding_tablet=&#8221;inherit&#8221; column_padding_phone=&#8221;inherit&#8221; column_padding_position=&#8221;all&#8221; column_element_spacing=&#8221;default&#8221; background_color_opacity=&#8221;1&#8243; background_hover_color_opacity=&#8221;1&#8243; column_shadow=&#8221;none&#8221; column_border_radius=&#8221;none&#8221; column_link_target=&#8221;_self&#8221; column_position=&#8221;default&#8221; gradient_direction=&#8221;left_to_right&#8221; overlay_strength=&#8221;0.3&#8243;&#8230;<\/p>\n","protected":false},"author":27,"featured_media":0,"parent":0,"menu_order":0,"comment_status":"closed","ping_status":"closed","template":"","meta":{"footnotes":""},"_links":{"self":[{"href":"https:\/\/campus.caae.es\/eva\/wp-json\/wp\/v2\/pages\/8267"}],"collection":[{"href":"https:\/\/campus.caae.es\/eva\/wp-json\/wp\/v2\/pages"}],"about":[{"href":"https:\/\/campus.caae.es\/eva\/wp-json\/wp\/v2\/types\/page"}],"author":[{"embeddable":true,"href":"https:\/\/campus.caae.es\/eva\/wp-json\/wp\/v2\/users\/27"}],"replies":[{"embeddable":true,"href":"https:\/\/campus.caae.es\/eva\/wp-json\/wp\/v2\/comments?post=8267"}],"version-history":[{"count":21,"href":"https:\/\/campus.caae.es\/eva\/wp-json\/wp\/v2\/pages\/8267\/revisions"}],"predecessor-version":[{"id":8831,"href":"https:\/\/campus.caae.es\/eva\/wp-json\/wp\/v2\/pages\/8267\/revisions\/8831"}],"wp:attachment":[{"href":"https:\/\/campus.caae.es\/eva\/wp-json\/wp\/v2\/media?parent=8267"}],"curies":[{"name":"wp","href":"https:\/\/api.w.org\/{rel}","templated":true}]}}