{"id":8367,"date":"2024-11-26T16:45:26","date_gmt":"2024-11-26T15:45:26","guid":{"rendered":"https:\/\/campus.caae.es\/eva\/?page_id=8367"},"modified":"2025-03-05T12:32:42","modified_gmt":"2025-03-05T11:32:42","slug":"nuestro-trabajo","status":"publish","type":"page","link":"https:\/\/campus.caae.es\/eva\/nuestro-trabajo\/","title":{"rendered":"Nuestro trabajo"},"content":{"rendered":"[vc_row type=&#8221;in_container&#8221; full_screen_row_position=&#8221;middle&#8221; column_margin=&#8221;default&#8221; column_direction=&#8221;default&#8221; column_direction_tablet=&#8221;default&#8221; column_direction_phone=&#8221;default&#8221; scene_position=&#8221;center&#8221; text_color=&#8221;dark&#8221; text_align=&#8221;left&#8221; row_border_radius=&#8221;none&#8221; row_border_radius_applies=&#8221;bg&#8221; overflow=&#8221;visible&#8221; overlay_strength=&#8221;0.3&#8243; gradient_direction=&#8221;left_to_right&#8221; shape_divider_position=&#8221;bottom&#8221; bg_image_animation=&#8221;none&#8221;][vc_column column_padding=&#8221;no-extra-padding&#8221; column_padding_tablet=&#8221;inherit&#8221; column_padding_phone=&#8221;inherit&#8221; column_padding_position=&#8221;all&#8221; column_element_spacing=&#8221;default&#8221; background_color_opacity=&#8221;1&#8243; background_hover_color_opacity=&#8221;1&#8243; column_shadow=&#8221;none&#8221; column_border_radius=&#8221;none&#8221; column_link_target=&#8221;_self&#8221; column_position=&#8221;default&#8221; gradient_direction=&#8221;left_to_right&#8221; overlay_strength=&#8221;0.3&#8243; width=&#8221;1\/1&#8243; tablet_width_inherit=&#8221;default&#8221; tablet_text_alignment=&#8221;default&#8221; phone_text_alignment=&#8221;default&#8221; animation_type=&#8221;default&#8221; bg_image_animation=&#8221;none&#8221; border_type=&#8221;simple&#8221; column_border_width=&#8221;none&#8221; column_border_style=&#8221;solid&#8221;][divider line_type=&#8221;No Line&#8221;][vc_custom_heading text=&#8221;NUESTRO TRABAJO&#8221; font_container=&#8221;tag:h1|text_align:left|color:%232ba812&#8243; use_theme_fonts=&#8221;yes&#8221;][vc_column_text]<p>En este apartado queremos explicaros brevemente a que nos dedicamos en el departamento de formaci\u00f3n de CAAE.<\/p>\r\n<p>\u00a0<\/p><p class=\"has-text-align-left\">Intentamos canalizar nuestra experiencia y conocimiento en forma de actividades formativas, para que pueda llegar a cualquier persona que tenga inter\u00e9s en ampliar sus conocimientos en cualquiera de las \u00e1reas sobre las que trabajamos. El abanico de \u00e1reas que abarca CAAE es muy amplio, por el momento los campos sobre los que ofrecemos actividades son las siguientes.<\/p>\r\n<p>\u00a0<\/p><div class=\"wp-block-image\"><figure class=\"aligncenter size-full is-resized\"><a href=\"https:\/\/campus.caae.es\/eva\/wp-content\/uploads\/2024\/11\/Diapositiva3.jpg\"><img loading=\"lazy\" decoding=\"async\" width=\"600\" height=\"289\" class=\"wp-image-8370\" style=\"width: 600px;\" src=\"https:\/\/campus.caae.es\/eva\/wp-content\/uploads\/2024\/11\/Diapositiva3.jpg\" alt=\"\" srcset=\"https:\/\/campus.caae.es\/eva\/wp-content\/uploads\/2024\/11\/Diapositiva3.jpg 858w, https:\/\/campus.caae.es\/eva\/wp-content\/uploads\/2024\/11\/Diapositiva3-300x144.jpg 300w, https:\/\/campus.caae.es\/eva\/wp-content\/uploads\/2024\/11\/Diapositiva3-768x370.jpg 768w, https:\/\/campus.caae.es\/eva\/wp-content\/uploads\/2024\/11\/Diapositiva3-600x289.jpg 600w\" sizes=\"(max-width: 600px) 100vw, 600px\" \/><\/a><\/figure><\/div><p>Para desempe\u00f1ar nuestro trabajo empleamos diferentes herramientas. \u00bfCu\u00e1les son? Os las presentamos y las describimos.<\/p>\r\n<p>\u00a0<\/p><div class=\"wp-block-image\"><figure class=\"aligncenter size-large is-resized\"><a href=\"https:\/\/campus.caae.es\/eva\/wp-content\/uploads\/2024\/11\/Diapositiva1.jpg\"><img loading=\"lazy\" decoding=\"async\" width=\"600\" height=\"285\" class=\"wp-image-8373\" style=\"width: 600px;\" src=\"https:\/\/campus.caae.es\/eva\/wp-content\/uploads\/2024\/11\/Diapositiva1-1024x486.jpg\" alt=\"\" srcset=\"https:\/\/campus.caae.es\/eva\/wp-content\/uploads\/2024\/11\/Diapositiva1-1024x486.jpg 1024w, https:\/\/campus.caae.es\/eva\/wp-content\/uploads\/2024\/11\/Diapositiva1-300x142.jpg 300w, https:\/\/campus.caae.es\/eva\/wp-content\/uploads\/2024\/11\/Diapositiva1-768x365.jpg 768w, https:\/\/campus.caae.es\/eva\/wp-content\/uploads\/2024\/11\/Diapositiva1-600x285.jpg 600w, https:\/\/campus.caae.es\/eva\/wp-content\/uploads\/2024\/11\/Diapositiva1.jpg 1209w\" sizes=\"(max-width: 600px) 100vw, 600px\" \/><\/a><\/figure><\/div><p>En nuestra pesta\u00f1a de <a href=\"https:\/\/campus.caae.es\/eva\/\" data-type=\"link\" data-id=\"https:\/\/campus.caae.es\/eva\/\">INICIO<\/a>, puede tener acceso a lo que ofrecemos en cada momento, desde cursos on-line que puedes hacer a tu ritmo, en cualquier momento o lugar, o acudir a cualquiera de las charlas, seminarios, o ponencias que realizamos habitualmente, por el territorio donde trabajamos.<\/p><p>Una vez en este punto, solo nos queda comentarte nuestras ventajas, para que te decidas a unirte a las personas que han ampliado su cualificaci\u00f3n con nosotros\/as.<\/p>\r\n<p>\u00a0<\/p><div class=\"wp-block-image\"><figure class=\"aligncenter size-large is-resized\"><a href=\"https:\/\/campus.caae.es\/eva\/wp-content\/uploads\/2024\/11\/Diapositiva4-1.jpg\"><img loading=\"lazy\" decoding=\"async\" width=\"600\" height=\"345\" class=\"wp-image-8377\" style=\"width: 600px;\" src=\"https:\/\/campus.caae.es\/eva\/wp-content\/uploads\/2024\/11\/Diapositiva4-1-1024x588.jpg\" alt=\"\" srcset=\"https:\/\/campus.caae.es\/eva\/wp-content\/uploads\/2024\/11\/Diapositiva4-1-1024x588.jpg 1024w, https:\/\/campus.caae.es\/eva\/wp-content\/uploads\/2024\/11\/Diapositiva4-1-300x172.jpg 300w, https:\/\/campus.caae.es\/eva\/wp-content\/uploads\/2024\/11\/Diapositiva4-1-768x441.jpg 768w, https:\/\/campus.caae.es\/eva\/wp-content\/uploads\/2024\/11\/Diapositiva4-1-600x345.jpg 600w, https:\/\/campus.caae.es\/eva\/wp-content\/uploads\/2024\/11\/Diapositiva4-1.jpg 1201w\" sizes=\"(max-width: 600px) 100vw, 600px\" \/><\/a><\/figure><\/div><p>Hemos intentado ser breves, si tienes cualquier pregunta, no dudes en ponerte en <a href=\"https:\/\/campus.caae.es\/eva\/contacta\/\" data-type=\"link\" data-id=\"https:\/\/campus.caae.es\/eva\/contacta\/\">CONTACTO<\/a> con nosotros\/as y estaremos encantados\/as de atenderte.<\/p>[\/vc_column_text][\/vc_column][\/vc_row]","protected":false},"excerpt":{"rendered":"<p>[vc_row type=&#8221;in_container&#8221; full_screen_row_position=&#8221;middle&#8221; column_margin=&#8221;default&#8221; column_direction=&#8221;default&#8221; column_direction_tablet=&#8221;default&#8221; column_direction_phone=&#8221;default&#8221; scene_position=&#8221;center&#8221; text_color=&#8221;dark&#8221; text_align=&#8221;left&#8221; row_border_radius=&#8221;none&#8221; row_border_radius_applies=&#8221;bg&#8221; overflow=&#8221;visible&#8221; overlay_strength=&#8221;0.3&#8243; gradient_direction=&#8221;left_to_right&#8221; shape_divider_position=&#8221;bottom&#8221; bg_image_animation=&#8221;none&#8221;][vc_column column_padding=&#8221;no-extra-padding&#8221; column_padding_tablet=&#8221;inherit&#8221; column_padding_phone=&#8221;inherit&#8221; column_padding_position=&#8221;all&#8221; column_element_spacing=&#8221;default&#8221; background_color_opacity=&#8221;1&#8243; background_hover_color_opacity=&#8221;1&#8243; column_shadow=&#8221;none&#8221; column_border_radius=&#8221;none&#8221; column_link_target=&#8221;_self&#8221; column_position=&#8221;default&#8221; gradient_direction=&#8221;left_to_right&#8221; overlay_strength=&#8221;0.3&#8243;&#8230;<\/p>\n","protected":false},"author":27,"featured_media":0,"parent":0,"menu_order":0,"comment_status":"closed","ping_status":"closed","template":"","meta":{"footnotes":""},"_links":{"self":[{"href":"https:\/\/campus.caae.es\/eva\/wp-json\/wp\/v2\/pages\/8367"}],"collection":[{"href":"https:\/\/campus.caae.es\/eva\/wp-json\/wp\/v2\/pages"}],"about":[{"href":"https:\/\/campus.caae.es\/eva\/wp-json\/wp\/v2\/types\/page"}],"author":[{"embeddable":true,"href":"https:\/\/campus.caae.es\/eva\/wp-json\/wp\/v2\/users\/27"}],"replies":[{"embeddable":true,"href":"https:\/\/campus.caae.es\/eva\/wp-json\/wp\/v2\/comments?post=8367"}],"version-history":[{"count":23,"href":"https:\/\/campus.caae.es\/eva\/wp-json\/wp\/v2\/pages\/8367\/revisions"}],"predecessor-version":[{"id":8835,"href":"https:\/\/campus.caae.es\/eva\/wp-json\/wp\/v2\/pages\/8367\/revisions\/8835"}],"wp:attachment":[{"href":"https:\/\/campus.caae.es\/eva\/wp-json\/wp\/v2\/media?parent=8367"}],"curies":[{"name":"wp","href":"https:\/\/api.w.org\/{rel}","templated":true}]}}