{"id":8649,"date":"2025-01-23T13:37:17","date_gmt":"2025-01-23T12:37:17","guid":{"rendered":"https:\/\/campus.caae.es\/eva\/?page_id=8649"},"modified":"2025-04-23T14:24:03","modified_gmt":"2025-04-23T12:24:03","slug":"mesa-redonda-cosmetica","status":"publish","type":"page","link":"https:\/\/campus.caae.es\/eva\/mesa-redonda-cosmetica\/","title":{"rendered":"MESA REDONDA COSM\u00c9TICA ORGANIC &amp; NATURAL"},"content":{"rendered":"<figure class=\"wp-block-image size-full\"><a href=\"https:\/\/campus.caae.es\/eva\/wp-content\/uploads\/2025\/02\/MEsa-redonda-cosmetica_27febsmall.png\"><img loading=\"lazy\" decoding=\"async\" width=\"600\" height=\"222\" src=\"https:\/\/campus.caae.es\/eva\/wp-content\/uploads\/2025\/02\/MEsa-redonda-cosmetica_27febsmall.png\" alt=\"\" class=\"wp-image-8734\" srcset=\"https:\/\/campus.caae.es\/eva\/wp-content\/uploads\/2025\/02\/MEsa-redonda-cosmetica_27febsmall.png 600w, https:\/\/campus.caae.es\/eva\/wp-content\/uploads\/2025\/02\/MEsa-redonda-cosmetica_27febsmall-300x111.png 300w\" sizes=\"(max-width: 600px) 100vw, 600px\" \/><\/a><\/figure><p><strong><strong>MESA REDONDA<\/strong> COSM\u00c9TICA ORGANIC &amp; NATURAL<\/strong><br>Un caf\u00e9 con el departamento de Cosm\u00e9tica CAAE<br><strong><mark style=\"background-color:rgba(0, 0, 0, 0)\" class=\"has-inline-color has-luminous-vivid-orange-color\">\u00a1Fabrica en org\u00e1nico y natural bajo la norma COSMOS!<\/mark><\/strong><br>Te contamos como en nuestra mesa redonda.<\/p><p><strong><mark style=\"background-color:rgba(0, 0, 0, 0)\" class=\"has-inline-color has-luminous-vivid-orange-color\">\u00bfCU\u00c1NDO?<\/mark><\/strong><br>Jueves 27 de febrero de 2025 a las 10:00 AM<br>EVENTO FINALIZADO:<strong><mark style=\"background-color:rgba(0, 0, 0, 0)\" class=\"has-inline-color has-luminous-vivid-orange-color\"> <\/mark><mark style=\"background-color:rgba(0, 0, 0, 0)\" class=\"has-inline-color has-vivid-red-color\">SOLICITE LA GRABACI\u00d3N <\/mark><mark style=\"background-color:rgba(0, 0, 0, 0)\" class=\"has-inline-color has-luminous-vivid-orange-color\"><a href=\"https:\/\/campus.caae.es\/eva\/contacta\/\" data-type=\"link\" data-id=\"https:\/\/us06web.zoom.us\/meeting\/register\/x3HoCXP8TYeTOknQ0-AhMg\">AQU\u00cd<\/a><\/mark><\/strong><a href=\"https:\/\/us06web.zoom.us\/meeting\/register\/x3HoCXP8TYeTOknQ0-AhMg\" data-type=\"link\" data-id=\"https:\/\/us06web.zoom.us\/meeting\/register\/x3HoCXP8TYeTOknQ0-AhMg\">.<\/a><\/p><p>SESI\u00d3N INFORMATIVA ONLINE<br>En esta jornada hablaremos de los beneficios y pasos a seguir para la certificaci\u00f3n de los productos cosm\u00e9ticos, como COSMOS ORGANIC o NATURAL, un sector en auge. <br>Destinados a las empresas del sector cosm\u00e9tico interesadas en aumentar el valor a\u00f1adido de sus productos.<\/p><p>\u00danete a nuestra mesa redonda. <br>\u00a1Te esperamos!<\/p><hr class=\"wp-block-separator has-alpha-channel-opacity\"\/><p><mark style=\"background-color:rgba(0, 0, 0, 0)\" class=\"has-inline-color has-cyan-bluish-gray-color\">Consulte&nbsp;<a href=\"https:\/\/campus.caae.es\/eva\/politica-de-proteccion-de-datos-para-mesas-redondas-sobre-cosmetica-cosmos-natural-y-ecologica\/\">Nuestra pol\u00edtica de protecci\u00f3n de datos&nbsp;<\/a>para esta jornada<\/mark><\/p>","protected":false},"excerpt":{"rendered":"<p>MESA REDONDA COSM\u00c9TICA ORGANIC &amp; NATURALUn caf\u00e9 con el departamento de Cosm\u00e9tica CAAE\u00a1Fabrica en org\u00e1nico y natural bajo la norma COSMOS!Te contamos como en nuestra mesa redonda. \u00bfCU\u00c1NDO?Jueves 27 de&#8230;<\/p>\n","protected":false},"author":27,"featured_media":0,"parent":0,"menu_order":0,"comment_status":"closed","ping_status":"closed","template":"","meta":{"footnotes":""},"_links":{"self":[{"href":"https:\/\/campus.caae.es\/eva\/wp-json\/wp\/v2\/pages\/8649"}],"collection":[{"href":"https:\/\/campus.caae.es\/eva\/wp-json\/wp\/v2\/pages"}],"about":[{"href":"https:\/\/campus.caae.es\/eva\/wp-json\/wp\/v2\/types\/page"}],"author":[{"embeddable":true,"href":"https:\/\/campus.caae.es\/eva\/wp-json\/wp\/v2\/users\/27"}],"replies":[{"embeddable":true,"href":"https:\/\/campus.caae.es\/eva\/wp-json\/wp\/v2\/comments?post=8649"}],"version-history":[{"count":21,"href":"https:\/\/campus.caae.es\/eva\/wp-json\/wp\/v2\/pages\/8649\/revisions"}],"predecessor-version":[{"id":8949,"href":"https:\/\/campus.caae.es\/eva\/wp-json\/wp\/v2\/pages\/8649\/revisions\/8949"}],"wp:attachment":[{"href":"https:\/\/campus.caae.es\/eva\/wp-json\/wp\/v2\/media?parent=8649"}],"curies":[{"name":"wp","href":"https:\/\/api.w.org\/{rel}","templated":true}]}}