{"id":8653,"date":"2025-01-23T14:27:57","date_gmt":"2025-01-23T13:27:57","guid":{"rendered":"https:\/\/campus.caae.es\/eva\/?page_id=8653"},"modified":"2025-01-31T13:33:28","modified_gmt":"2025-01-31T12:33:28","slug":"politica-de-proteccion-de-datos-para-mesas-redondas-sobre-cosmetica-cosmos-natural-y-ecologica","status":"publish","type":"page","link":"https:\/\/campus.caae.es\/eva\/politica-de-proteccion-de-datos-para-mesas-redondas-sobre-cosmetica-cosmos-natural-y-ecologica\/","title":{"rendered":"P\u00d3LITICA DE PROTECCI\u00d3N DE DATOS PARA MESA REDONDA COSM\u00c9TICA ORGANIC &amp; NATURAL"},"content":{"rendered":"<p><strong>P\u00d3LITICA DE PROTECCI\u00d3N DE DATOS PARA <strong><strong>MESA REDONDA<\/strong> COSM\u00c9TICA ORGANIC &amp; NATURAL<\/strong><\/strong><\/p><p>la aceptaci\u00f3n de la pol\u00edtica por el siguiente texto para cumplir con la normativa de protecci\u00f3n de datos:<\/p><p><strong>Responsable: SERVICIO DE CERTIFICACI\u00d3N CAAE, S.L.U.<\/strong><\/p><p><strong>Fines y legitimaci\u00f3n del tratamiento<\/strong>:\u00a0<a href=\"https:\/\/campus.caae.es\/eva\/mesa-redonda-cosmetica\/\" data-type=\"page\" data-id=\"8649\">inscripci\u00f3n, gesti\u00f3n y control de mesas  redonds cosm\u00e9tica COSMOS organic y natural\u00a0<\/a>de CAAE \u201c<strong><strong><strong>MESA REDONDA<\/strong> COSM\u00c9TICA ORGANIC &amp; NATURAL<\/strong><\/strong>\u201d (para la ejecuci\u00f3n de un contrato o precontrato con el interesado art. 6.1.b RGPD) \u00a0<\/p><p><strong>Criterios de conservaci\u00f3n de los datos<\/strong>: se conservar\u00e1n durante no m\u00e1s tiempo del necesario para mantener el fin del tratamiento o mientras existan prescripciones legales que dictaminen su custodia y cuando ya no sea necesario para ello, se suprimir\u00e1n con medidas de seguridad adecuadas para garantizar la anonimizaci\u00f3n de los datos o la destrucci\u00f3n total de los mismos.<\/p><p><strong>Comunicaci\u00f3n de los datos<\/strong>: se podr\u00e1n comunicar sus datos a terceros por ser necesarios para lograr la finalidad del tratamiento, o por obligaci\u00f3n legal.<\/p><p><strong>Derechos que asisten al Usuario<\/strong>: Derecho de acceso, rectificaci\u00f3n, portabilidad y supresi\u00f3n de sus datos, y de limitaci\u00f3n u oposici\u00f3n a su tratamiento. Derecho a presentar una reclamaci\u00f3n ante la Autoridad de control (<a href=\"http:\/\/www.aepd.es\/\">www.aepd.es<\/a>) si considera que el tratamiento no se ajusta a la normativa vigente.<\/p><p><strong>Datos de contacto para ejercer sus derechos<\/strong>:&nbsp;<a href=\"mailto:protecciondedatos@caae.es\">protecciondedatos@caae.es<\/a>. AVENIDA DIEGO MARTINEZ BARRIO (Edificio INSUR), 10 3\u00aa planta, m\u00f3dulo 12 \u2013 41013 SEVILLA (Sevilla). Contacto del Delegado de Protecci\u00f3n de Datos:&nbsp;<a href=\"mailto:RGPD@FERNANDEZPALACIOS.COM\">RGPD@FERNANDEZPALACIOS.COM<\/a>&nbsp;y domicilio en Plaza de la Magdalena, n\u00ba9, piso 4\u00ba, Sevilla, 41001.<\/p><p><strong>M\u00e1s informaci\u00f3n:<\/strong><\/p><p>Servicio de Certificaci\u00f3n CAAE<br>Tfno. 955 018968<br>Email: protecciondedatos@caae.es<\/p>","protected":false},"excerpt":{"rendered":"<p>P\u00d3LITICA DE PROTECCI\u00d3N DE DATOS PARA MESA REDONDA COSM\u00c9TICA ORGANIC &amp; NATURAL la aceptaci\u00f3n de la pol\u00edtica por el siguiente texto para cumplir con la normativa de protecci\u00f3n de datos:&#8230;<\/p>\n","protected":false},"author":27,"featured_media":0,"parent":0,"menu_order":0,"comment_status":"closed","ping_status":"closed","template":"","meta":{"footnotes":""},"_links":{"self":[{"href":"https:\/\/campus.caae.es\/eva\/wp-json\/wp\/v2\/pages\/8653"}],"collection":[{"href":"https:\/\/campus.caae.es\/eva\/wp-json\/wp\/v2\/pages"}],"about":[{"href":"https:\/\/campus.caae.es\/eva\/wp-json\/wp\/v2\/types\/page"}],"author":[{"embeddable":true,"href":"https:\/\/campus.caae.es\/eva\/wp-json\/wp\/v2\/users\/27"}],"replies":[{"embeddable":true,"href":"https:\/\/campus.caae.es\/eva\/wp-json\/wp\/v2\/comments?post=8653"}],"version-history":[{"count":3,"href":"https:\/\/campus.caae.es\/eva\/wp-json\/wp\/v2\/pages\/8653\/revisions"}],"predecessor-version":[{"id":8720,"href":"https:\/\/campus.caae.es\/eva\/wp-json\/wp\/v2\/pages\/8653\/revisions\/8720"}],"wp:attachment":[{"href":"https:\/\/campus.caae.es\/eva\/wp-json\/wp\/v2\/media?parent=8653"}],"curies":[{"name":"wp","href":"https:\/\/api.w.org\/{rel}","templated":true}]}}