{"id":8893,"date":"2025-04-11T13:16:27","date_gmt":"2025-04-11T11:16:27","guid":{"rendered":"https:\/\/campus.caae.es\/eva\/?page_id=8893"},"modified":"2025-10-22T09:19:27","modified_gmt":"2025-10-22T07:19:27","slug":"webinar-compost-cmc3-y-digestato-cmc5-requisitos-para-ser-fertilizante-ue","status":"publish","type":"page","link":"https:\/\/campus.caae.es\/eva\/webinar-compost-cmc3-y-digestato-cmc5-requisitos-para-ser-fertilizante-ue\/","title":{"rendered":"WEBINAR\u00a0COMPOST CMC3 Y DIGESTATO CMC5: REQUISITOS PARA SER FERTILIZANTE UE"},"content":{"rendered":"<figure class=\"wp-block-image size-large\"><a href=\"https:\/\/campus.caae.es\/eva\/wp-content\/uploads\/2025\/04\/Webinar-Insumos-horizontal-1.png\"><img loading=\"lazy\" decoding=\"async\" width=\"1024\" height=\"323\" src=\"https:\/\/campus.caae.es\/eva\/wp-content\/uploads\/2025\/04\/Webinar-Insumos-horizontal-1-1024x323.png\" alt=\"\" class=\"wp-image-8915\" srcset=\"https:\/\/campus.caae.es\/eva\/wp-content\/uploads\/2025\/04\/Webinar-Insumos-horizontal-1-1024x323.png 1024w, https:\/\/campus.caae.es\/eva\/wp-content\/uploads\/2025\/04\/Webinar-Insumos-horizontal-1-300x95.png 300w, https:\/\/campus.caae.es\/eva\/wp-content\/uploads\/2025\/04\/Webinar-Insumos-horizontal-1-768x242.png 768w, https:\/\/campus.caae.es\/eva\/wp-content\/uploads\/2025\/04\/Webinar-Insumos-horizontal-1-1536x485.png 1536w, https:\/\/campus.caae.es\/eva\/wp-content\/uploads\/2025\/04\/Webinar-Insumos-horizontal-1-600x189.png 600w, https:\/\/campus.caae.es\/eva\/wp-content\/uploads\/2025\/04\/Webinar-Insumos-horizontal-1.png 1670w\" sizes=\"(max-width: 1024px) 100vw, 1024px\" \/><\/a><\/figure><p><strong>WEBINAR&nbsp;COMPOST CMC3 Y DIGESTATO CMC5: REQUISITOS PARA SER FERTILIZANTE UE<\/strong><br>JORNADA FORMATIVA\/COMERCIAL \/&nbsp;<mark style=\"background-color:rgba(0, 0, 0, 0)\" class=\"has-inline-color has-vivid-red-color\">PROGRAMA FINALIZADO<\/mark>. Grabaci\u00f3n disponible.<\/p><p>CAAE, empresa l\u00edder de certificaci\u00f3n,&nbsp;organiza un webinar sobre los requisitos que deben cumplir el compost y digestatos para poder ser Fertilizantes UE.<\/p><p>En este webinar se repasar\u00e1n todos los requisitos normativos que debe cumplir un gestor de residuos y fabricante de fertilizantes, tanto los relacionados con la Ley de Residuos nacional, como con el Reglamento SANDACH y con el Reglamento (UE) 2019\/1009 de Fertilizantes UE.<\/p><p><strong>\u00bfCU\u00c1NDO?<\/strong><br><br>FECHA: 6 DE MAYO A LAS 11:00 H.<br>DURACI\u00d3N APROXIMADA: 1,5 HORAS<br><strong><mark style=\"background-color:rgba(0, 0, 0, 0)\" class=\"has-inline-color has-vivid-red-color\">PROGRAMA FINALIZADO.<\/mark><\/strong><br>Solicite el acceso a la grabaci\u00f3n<strong>\u00a0<a href=\"https:\/\/forms.caae.es\/caae\/form\/SolicitudOfertaOnlineFormacin\/formperma\/QQz7YzKPexhar0MhgkXvnggUTkPUDPe_9OK5l0llXz4\">DESDE AQU\u00cd<\/a>.<\/strong><\/p><p><strong>Programa:<\/strong><\/p><p><strong>Bienvenida y presentaci\u00f3n del Webinar<\/strong><\/p><p><strong>Requisitos para alcanzar el punto final en la cadena de fabricaci\u00f3n<\/strong><\/p><p><strong>Requisitos adicionales del Reglamento (UE) 2019\/1009<\/strong><\/p><p><strong>Requisitos como gestor de residuos: Cumplimiento de la Ley 7\/2022 de residuos. Condici\u00f3n de fin de residuo<\/strong><\/p><p><strong>Conclusiones. Ruegos y preguntas<\/strong><\/p><p>El ponente para todos los temas a tratar ser\u00e1 Juan Jos\u00e9 Vicente, responsable del \u00c1rea de Insumos CAAE, recibiendo apoyo en conclusiones y debate final de \u00c1lvaro S\u00e1nchez, T\u00e9cnico CAAE especialista en Fertilizantes UE<\/p><p><strong>CONTACTO<\/strong><\/p><p>General:&nbsp;<a href=\"mailto:insumos@caae.es\">insumos@caae.es<\/a><\/p><p>Juan Jos\u00e9 Vicente (<a href=\"mailto:jjvicente@caae.es\">jjvicente@caae.es<\/a>)<\/p>","protected":false},"excerpt":{"rendered":"<p>WEBINAR&nbsp;COMPOST CMC3 Y DIGESTATO CMC5: REQUISITOS PARA SER FERTILIZANTE UEJORNADA FORMATIVA\/COMERCIAL \/&nbsp;PROGRAMA FINALIZADO. Grabaci\u00f3n disponible. CAAE, empresa l\u00edder de certificaci\u00f3n,&nbsp;organiza un webinar sobre los requisitos que deben cumplir el compost&#8230;<\/p>\n","protected":false},"author":27,"featured_media":0,"parent":0,"menu_order":0,"comment_status":"closed","ping_status":"closed","template":"","meta":{"footnotes":""},"_links":{"self":[{"href":"https:\/\/campus.caae.es\/eva\/wp-json\/wp\/v2\/pages\/8893"}],"collection":[{"href":"https:\/\/campus.caae.es\/eva\/wp-json\/wp\/v2\/pages"}],"about":[{"href":"https:\/\/campus.caae.es\/eva\/wp-json\/wp\/v2\/types\/page"}],"author":[{"embeddable":true,"href":"https:\/\/campus.caae.es\/eva\/wp-json\/wp\/v2\/users\/27"}],"replies":[{"embeddable":true,"href":"https:\/\/campus.caae.es\/eva\/wp-json\/wp\/v2\/comments?post=8893"}],"version-history":[{"count":7,"href":"https:\/\/campus.caae.es\/eva\/wp-json\/wp\/v2\/pages\/8893\/revisions"}],"predecessor-version":[{"id":9120,"href":"https:\/\/campus.caae.es\/eva\/wp-json\/wp\/v2\/pages\/8893\/revisions\/9120"}],"wp:attachment":[{"href":"https:\/\/campus.caae.es\/eva\/wp-json\/wp\/v2\/media?parent=8893"}],"curies":[{"name":"wp","href":"https:\/\/api.w.org\/{rel}","templated":true}]}}