{"id":8917,"date":"2025-04-16T13:39:42","date_gmt":"2025-04-16T11:39:42","guid":{"rendered":"https:\/\/campus.caae.es\/eva\/?page_id=8917"},"modified":"2025-10-22T09:26:03","modified_gmt":"2025-10-22T07:26:03","slug":"webinar-espacios-ecosostenibles","status":"publish","type":"page","link":"https:\/\/campus.caae.es\/eva\/webinar-espacios-ecosostenibles\/","title":{"rendered":"WEBINAR\u00a0ESPACIOS ECOSOSTENIBLES"},"content":{"rendered":"[vc_row type=&#8221;in_container&#8221; full_screen_row_position=&#8221;middle&#8221; column_margin=&#8221;default&#8221; column_direction=&#8221;default&#8221; column_direction_tablet=&#8221;default&#8221; column_direction_phone=&#8221;default&#8221; scene_position=&#8221;center&#8221; text_color=&#8221;dark&#8221; text_align=&#8221;left&#8221; row_border_radius=&#8221;none&#8221; row_border_radius_applies=&#8221;bg&#8221; overflow=&#8221;visible&#8221; overlay_strength=&#8221;0.3&#8243; gradient_direction=&#8221;left_to_right&#8221; shape_divider_position=&#8221;bottom&#8221; bg_image_animation=&#8221;none&#8221;][vc_column column_padding=&#8221;no-extra-padding&#8221; column_padding_tablet=&#8221;inherit&#8221; column_padding_phone=&#8221;inherit&#8221; column_padding_position=&#8221;all&#8221; column_element_spacing=&#8221;default&#8221; background_color_opacity=&#8221;1&#8243; background_hover_color_opacity=&#8221;1&#8243; column_shadow=&#8221;none&#8221; column_border_radius=&#8221;none&#8221; column_link_target=&#8221;_self&#8221; column_position=&#8221;default&#8221; gradient_direction=&#8221;left_to_right&#8221; overlay_strength=&#8221;0.3&#8243; width=&#8221;1\/1&#8243; tablet_width_inherit=&#8221;default&#8221; tablet_text_alignment=&#8221;default&#8221; phone_text_alignment=&#8221;default&#8221; animation_type=&#8221;default&#8221; bg_image_animation=&#8221;none&#8221; border_type=&#8221;simple&#8221; column_border_width=&#8221;none&#8221; column_border_style=&#8221;solid&#8221;][vc_column_text]\r\n<p><a href=\"https:\/\/campus.caae.es\/eva\/wp-content\/uploads\/2025\/04\/Webinar-Jardineria-horizontal-2.png\"><img loading=\"lazy\" decoding=\"async\" class=\"alignnone wp-image-8935\" src=\"https:\/\/campus.caae.es\/eva\/wp-content\/uploads\/2025\/04\/Webinar-Jardineria-horizontal-2-300x96.png\" alt=\"\" width=\"618\" height=\"198\" srcset=\"https:\/\/campus.caae.es\/eva\/wp-content\/uploads\/2025\/04\/Webinar-Jardineria-horizontal-2-300x96.png 300w, https:\/\/campus.caae.es\/eva\/wp-content\/uploads\/2025\/04\/Webinar-Jardineria-horizontal-2-1024x328.png 1024w, https:\/\/campus.caae.es\/eva\/wp-content\/uploads\/2025\/04\/Webinar-Jardineria-horizontal-2-768x246.png 768w, https:\/\/campus.caae.es\/eva\/wp-content\/uploads\/2025\/04\/Webinar-Jardineria-horizontal-2-1536x491.png 1536w, https:\/\/campus.caae.es\/eva\/wp-content\/uploads\/2025\/04\/Webinar-Jardineria-horizontal-2-600x192.png 600w, https:\/\/campus.caae.es\/eva\/wp-content\/uploads\/2025\/04\/Webinar-Jardineria-horizontal-2.png 1669w\" sizes=\"(max-width: 618px) 100vw, 618px\" \/><\/a><\/p>\r\n<p>&nbsp;<\/p><p><strong>WEBINAR\u00a0ESPACIOS ECOSOSTENIBLES: RETOS Y VENTAJAS DE LA JARDINER\u00cdA ECOL\u00d3GICA<\/strong><\/p>\r\n<p><span data-teams=\"true\">CAAE, empresa l\u00edder de certificaci\u00f3n,\u00a0organiza un webinar para que dar a conocer nuestra norma de Jardiner\u00eda ecol\u00f3gica, que se encuadra dentro de la apuesta de CAAE por las normas Ecosostenibles. Contaremos con los mejores profesionales del sector, y hablaremos de retos, ventajas, requisitos y oportunidades, adem\u00e1s de conocer la experiencia de aquellos que ya cuentan con un espacio ecosostenible certificado.<\/span><\/p>\r\n<p>&nbsp;<\/p><p><strong>\u00bfCU\u00c1NDO?<\/strong><\/p>\r\n<p>FECHA: 29 DE ABRIL A LAS 11:30 H.<br \/>DURACI\u00d3N APROXIMADA: 1,5 HORAS<\/p>\r\n<p><font color=\"#FF0000\"><b>PROGRAMA FINALIZADO<\/b><\/font><\/p>\r\n<p><strong>Solicite el acceso a la grabaci\u00f3n <a href=\"https:\/\/forms.caae.es\/caae\/form\/SolicitudOfertaOnlineFormacin\/formperma\/QQz7YzKPexhar0MhgkXvnggUTkPUDPe_9OK5l0llXz4\" target=\"_blank\" rel=\"noopener\">DESDE AQU\u00cd<\/a>.<\/strong><\/p>\r\n<p>&nbsp;<\/p><p><strong>Programa:<\/strong><\/p>\r\n<ul>\r\n<li><strong>Bienvenida y presentaci\u00f3n del Webinar<\/strong><\/li>\r\n<li><strong>Situaci\u00f3n de la jardiner\u00eda ecol\u00f3gica. Principales retos del sector para su implantaci\u00f3n. <\/strong>Aurora Baena. \u00a0Gerente de AMJA<\/li>\r\n<li><strong>Ventajas de la jardiner\u00eda ecol\u00f3gica \u00a0<\/strong>\u00d3scar Mart\u00ednez. Experto en infraestructura verde<\/li>\r\n<li><strong>La experiencia de los jardines de excelencia ecol\u00f3gica, Centro comercial Plaza Mayor. <\/strong>Rom\u00e1n Dom\u00ednguez,\u00a0Mediterraneum paisajismo<\/li>\r\n<li><strong>Sostenibilidad aplicada a \u00e1reas deportivas.<\/strong>\u00a0Juan Ram\u00f3n Jord\u00e1n, ProinTurf<\/li>\r\n<li><strong>Certificaci\u00f3n de jardiner\u00eda ecol\u00f3gica. <\/strong>Lidia Chica, responsable CAAE Espacios Ecosostenibles<\/li>\r\n<li><strong>Conclusiones. Ruegos y preguntas<\/strong><\/li>\r\n<\/ul>\r\n<p>&nbsp;<\/p>\r\n[\/vc_column_text][\/vc_column][\/vc_row]","protected":false},"excerpt":{"rendered":"<p>[vc_row type=&#8221;in_container&#8221; full_screen_row_position=&#8221;middle&#8221; column_margin=&#8221;default&#8221; column_direction=&#8221;default&#8221; column_direction_tablet=&#8221;default&#8221; column_direction_phone=&#8221;default&#8221; scene_position=&#8221;center&#8221; text_color=&#8221;dark&#8221; text_align=&#8221;left&#8221; row_border_radius=&#8221;none&#8221; row_border_radius_applies=&#8221;bg&#8221; overflow=&#8221;visible&#8221; overlay_strength=&#8221;0.3&#8243; gradient_direction=&#8221;left_to_right&#8221; shape_divider_position=&#8221;bottom&#8221; bg_image_animation=&#8221;none&#8221;][vc_column column_padding=&#8221;no-extra-padding&#8221; column_padding_tablet=&#8221;inherit&#8221; column_padding_phone=&#8221;inherit&#8221; column_padding_position=&#8221;all&#8221; column_element_spacing=&#8221;default&#8221; background_color_opacity=&#8221;1&#8243; background_hover_color_opacity=&#8221;1&#8243; column_shadow=&#8221;none&#8221; column_border_radius=&#8221;none&#8221; column_link_target=&#8221;_self&#8221; column_position=&#8221;default&#8221; gradient_direction=&#8221;left_to_right&#8221; overlay_strength=&#8221;0.3&#8243;&#8230;<\/p>\n","protected":false},"author":27,"featured_media":0,"parent":0,"menu_order":0,"comment_status":"closed","ping_status":"closed","template":"","meta":{"footnotes":""},"_links":{"self":[{"href":"https:\/\/campus.caae.es\/eva\/wp-json\/wp\/v2\/pages\/8917"}],"collection":[{"href":"https:\/\/campus.caae.es\/eva\/wp-json\/wp\/v2\/pages"}],"about":[{"href":"https:\/\/campus.caae.es\/eva\/wp-json\/wp\/v2\/types\/page"}],"author":[{"embeddable":true,"href":"https:\/\/campus.caae.es\/eva\/wp-json\/wp\/v2\/users\/27"}],"replies":[{"embeddable":true,"href":"https:\/\/campus.caae.es\/eva\/wp-json\/wp\/v2\/comments?post=8917"}],"version-history":[{"count":10,"href":"https:\/\/campus.caae.es\/eva\/wp-json\/wp\/v2\/pages\/8917\/revisions"}],"predecessor-version":[{"id":8959,"href":"https:\/\/campus.caae.es\/eva\/wp-json\/wp\/v2\/pages\/8917\/revisions\/8959"}],"wp:attachment":[{"href":"https:\/\/campus.caae.es\/eva\/wp-json\/wp\/v2\/media?parent=8917"}],"curies":[{"name":"wp","href":"https:\/\/api.w.org\/{rel}","templated":true}]}}