{"id":8941,"date":"2025-04-23T14:18:09","date_gmt":"2025-04-23T12:18:09","guid":{"rendered":"https:\/\/campus.caae.es\/eva\/?page_id=8941"},"modified":"2025-07-18T12:44:50","modified_gmt":"2025-07-18T10:44:50","slug":"mesa-redonda-cosmetica-2","status":"publish","type":"page","link":"https:\/\/campus.caae.es\/eva\/mesa-redonda-cosmetica-2\/","title":{"rendered":"MESA REDONDA COSM\u00c9TICA"},"content":{"rendered":"<p>Evento finalizado. solicita la grabaci\u00f3n <\/p><figure class=\"wp-block-image size-full\"><a href=\"https:\/\/campus.caae.es\/eva\/wp-content\/uploads\/2025\/04\/Mesa-redonda-Intro-Mayo-2025-Bor01.png\"><img loading=\"lazy\" decoding=\"async\" width=\"800\" height=\"296\" src=\"https:\/\/campus.caae.es\/eva\/wp-content\/uploads\/2025\/04\/Mesa-redonda-Intro-Mayo-2025-Bor01.png\" alt=\"\" class=\"wp-image-8942\" srcset=\"https:\/\/campus.caae.es\/eva\/wp-content\/uploads\/2025\/04\/Mesa-redonda-Intro-Mayo-2025-Bor01.png 800w, https:\/\/campus.caae.es\/eva\/wp-content\/uploads\/2025\/04\/Mesa-redonda-Intro-Mayo-2025-Bor01-300x111.png 300w, https:\/\/campus.caae.es\/eva\/wp-content\/uploads\/2025\/04\/Mesa-redonda-Intro-Mayo-2025-Bor01-768x284.png 768w, https:\/\/campus.caae.es\/eva\/wp-content\/uploads\/2025\/04\/Mesa-redonda-Intro-Mayo-2025-Bor01-600x222.png 600w\" sizes=\"(max-width: 800px) 100vw, 800px\" \/><\/a><\/figure><p><strong>Mesa Redonda Cosm\u00e9tica &#8220;AROMA Y COLOR EN LA COSM\u00c9TICA ORG\u00c1NICA Y NATURAL COSMOS&#8221;<\/strong><br>Un caf\u00e9 con el departamento de Cosm\u00e9tica CAAE<br><em><mark style=\"background-color:rgba(0, 0, 0, 0)\" class=\"has-inline-color has-luminous-vivid-orange-color\">\u00a1Fabrica en org\u00e1nico y natural bajo la norma COSMOS!<\/mark><\/em><br><strong>\u00bfCU\u00c1NDO?<\/strong><br>Jueves 22 de mayo de 2025 a las 10:00 AM<br>Evento finalizado. <br>Solicita la grabaci\u00f3n desde <strong><mark style=\"background-color:rgba(0, 0, 0, 0)\" class=\"has-inline-color has-vivid-red-color\"><a href=\"https:\/\/campus.caae.es\/eva\/contacta\/\" data-type=\"link\" data-id=\"https:\/\/campus.caae.es\/eva\/contacta\/\">AQU\u00cd<\/a><\/mark><\/strong><\/p><p>SESI\u00d3N INFORMATIVA ONLINE<br>En esta jornada, hablamos sobre la Utilizaci\u00f3n de ingrediente de aroma, perfumes , pigmentos de color para productos cosm\u00e9ticos<br>Te contamos c\u00f3mo en nuestra mesa redonda.<br>Destinados a las empresas del sector cosm\u00e9tico interesadas en aumentar el valor a\u00f1adido de sus productos.<\/p><p>\u00danete a nuestra mesa redonda.<br>\u00a1Te esperamos!<br><br><strong><mark style=\"background-color:rgba(0, 0, 0, 0)\" class=\"has-inline-color has-luminous-vivid-orange-color\">\u00bfSAB\u00cdAS QU\u00c9?<\/mark><\/strong><br>CAAE ofrecemos <strong>Cursos de formaci\u00f3n<\/strong> para el sector cosm\u00e9tico <br>Curso 1: Introducci\u00f3n al Est\u00e1ndar Cosmos y Proceso de Certificaci\u00f3n<br>Curso 2: Packaging y Etiquetado<br>Curso 3: Ingredientes y Productos Acabado Composici\u00f3n C\u00e1lculo<br>Pack formaci\u00f3n Cosm\u00e9tica COSMOS (Curso 1+2+3)<br>Descarga Bases del curso e informaciones de cada curso desde Aqu\u00ed.<\/p><figure class=\"wp-block-embed is-type-wp-embed is-provider-campus-caae wp-block-embed-campus-caae\"><div class=\"wp-block-embed__wrapper\">\n<blockquote class=\"wp-embedded-content\" data-secret=\"lOXzDOS99W\"><a href=\"https:\/\/campus.caae.es\/eva\/formacion-cosmetica\/\">FORMACI\u00d3N Cosm\u00e9tica<\/a><\/blockquote><iframe class=\"wp-embedded-content\" sandbox=\"allow-scripts\" security=\"restricted\" style=\"position: absolute; clip: rect(1px, 1px, 1px, 1px);\" title=\"\u00abFORMACI\u00d3N Cosm\u00e9tica\u00bb \u2014 Campus CAAE\" src=\"https:\/\/campus.caae.es\/eva\/formacion-cosmetica\/embed\/#?secret=3K9BD9ROK3#?secret=lOXzDOS99W\" data-secret=\"lOXzDOS99W\" width=\"600\" height=\"338\" frameborder=\"0\" marginwidth=\"0\" marginheight=\"0\" scrolling=\"no\"><\/iframe>\n<\/div><figcaption class=\"wp-element-caption\">Portal de cursos de formaci\u00f3n de sector Cosm\u00e9tica en CAMPUS CAAE <\/figcaption><\/figure><p>Certificaciones de Cosm\u00e9tica<br><a href=\"https:\/\/www.caae.es\/pagecosmetica\">https:\/\/www.caae.es\/pagecosmetica<\/a><br><\/p>","protected":false},"excerpt":{"rendered":"<p>Evento finalizado. solicita la grabaci\u00f3n Mesa Redonda Cosm\u00e9tica &#8220;AROMA Y COLOR EN LA COSM\u00c9TICA ORG\u00c1NICA Y NATURAL COSMOS&#8221;Un caf\u00e9 con el departamento de Cosm\u00e9tica CAAE\u00a1Fabrica en org\u00e1nico y natural bajo&#8230;<\/p>\n","protected":false},"author":27,"featured_media":0,"parent":0,"menu_order":0,"comment_status":"closed","ping_status":"closed","template":"","meta":{"footnotes":""},"_links":{"self":[{"href":"https:\/\/campus.caae.es\/eva\/wp-json\/wp\/v2\/pages\/8941"}],"collection":[{"href":"https:\/\/campus.caae.es\/eva\/wp-json\/wp\/v2\/pages"}],"about":[{"href":"https:\/\/campus.caae.es\/eva\/wp-json\/wp\/v2\/types\/page"}],"author":[{"embeddable":true,"href":"https:\/\/campus.caae.es\/eva\/wp-json\/wp\/v2\/users\/27"}],"replies":[{"embeddable":true,"href":"https:\/\/campus.caae.es\/eva\/wp-json\/wp\/v2\/comments?post=8941"}],"version-history":[{"count":7,"href":"https:\/\/campus.caae.es\/eva\/wp-json\/wp\/v2\/pages\/8941\/revisions"}],"predecessor-version":[{"id":9034,"href":"https:\/\/campus.caae.es\/eva\/wp-json\/wp\/v2\/pages\/8941\/revisions\/9034"}],"wp:attachment":[{"href":"https:\/\/campus.caae.es\/eva\/wp-json\/wp\/v2\/media?parent=8941"}],"curies":[{"name":"wp","href":"https:\/\/api.w.org\/{rel}","templated":true}]}}