{"id":9359,"date":"2026-04-01T11:37:38","date_gmt":"2026-04-01T09:37:38","guid":{"rendered":"https:\/\/campus.caae.es\/eva\/?page_id=9359"},"modified":"2026-04-01T12:13:51","modified_gmt":"2026-04-01T10:13:51","slug":"webinar-asia-y-america-dos-continentes-en-busca-de-producto-organico-espanol","status":"publish","type":"page","link":"https:\/\/campus.caae.es\/eva\/webinar-asia-y-america-dos-continentes-en-busca-de-producto-organico-espanol\/","title":{"rendered":"Webinar: Asia y \u00c1m\u00e9rica: dos continentes en busca de producto org\u00e1nico espa\u00f1ol"},"content":{"rendered":"<figure class=\"wp-block-image size-large\"><a href=\"https:\/\/campus.caae.es\/eva\/wp-content\/uploads\/2026\/04\/CAAE_Webinar_Internacionales_horizontal.png\"><img loading=\"lazy\" decoding=\"async\" width=\"1024\" height=\"325\" src=\"https:\/\/campus.caae.es\/eva\/wp-content\/uploads\/2026\/04\/CAAE_Webinar_Internacionales_horizontal-1024x325.png\" alt=\"\" class=\"wp-image-9357\" srcset=\"https:\/\/campus.caae.es\/eva\/wp-content\/uploads\/2026\/04\/CAAE_Webinar_Internacionales_horizontal-1024x325.png 1024w, https:\/\/campus.caae.es\/eva\/wp-content\/uploads\/2026\/04\/CAAE_Webinar_Internacionales_horizontal-300x95.png 300w, https:\/\/campus.caae.es\/eva\/wp-content\/uploads\/2026\/04\/CAAE_Webinar_Internacionales_horizontal-768x244.png 768w, https:\/\/campus.caae.es\/eva\/wp-content\/uploads\/2026\/04\/CAAE_Webinar_Internacionales_horizontal-600x190.png 600w, https:\/\/campus.caae.es\/eva\/wp-content\/uploads\/2026\/04\/CAAE_Webinar_Internacionales_horizontal.png 1195w\" sizes=\"(max-width: 1024px) 100vw, 1024px\" \/><\/a><\/figure><h2 class=\"wp-block-heading has-text-align-left\"><strong>Asia y Am\u00e9rica: dos continentes en busca de <\/strong><strong>producto org\u00e1nico espa\u00f1ol<\/strong><\/h2><p>CAAE, empresa l\u00edder de certificaci\u00f3n,&nbsp;organiza un webinar sobre la exportaci\u00f3n de productos ecol\u00f3gicos a los principales mercados internacionales.<\/p><p>Los&nbsp;<strong>productos ECO&nbsp;<\/strong>con destino a los mercados m\u00e1s potentes del sector ecol\u00f3gico: EE.UU., Jap\u00f3n, China, M\u00e9xico\u2026 Los mayores consumidores, los m\u00e1s exigentes, los que se abren al consumo eco. Conoce todos los detalles, oportunidades y requisitos en una jornada online que hemos preparado con los mejores especialistas, y que tambi\u00e9n contar\u00e1 con testimonios de empresas que ya exportan a estos pa\u00edses, para que conozcas de primera mano sus experiencias.<\/p><p><strong><mark style=\"background-color:rgba(0, 0, 0, 0)\" class=\"has-inline-color has-luminous-vivid-orange-color\">\u00bfCU\u00c1NDO?<\/mark><\/strong><br>FECHA: 28 DE ABRIL, A LAS 12:00 H.<br>DURACI\u00d3N APROXIMADA: 1 HORA<\/p><p><strong><mark style=\"background-color:rgba(0, 0, 0, 0)\" class=\"has-inline-color has-luminous-vivid-orange-color\">PROGRAMA:<\/mark><\/strong><\/p><p>12:00 Bienvenida y presentaci\u00f3n del Webinar<\/p><p>12:05 El mercado org\u00e1nico m\u00e1s all\u00e1 de Europa.<\/p><p>12:15 Mercados asi\u00e1ticos: Jap\u00f3n, China, Corea y Taiw\u00e1n<\/p><p>12:35 Mercados americanos: EE.UU., M\u00e9xico y Brasil<\/p><p>12:50 Casos de \u00e9xito: productores y comercializadoras espa\u00f1olas.<\/p><p>13:00 Conclusiones<\/p><p><strong><mark style=\"background-color:rgba(0, 0, 0, 0)\" class=\"has-inline-color has-luminous-vivid-orange-color\">FORMATO<\/mark><br><\/strong>Jornada online gratuita.<\/p><p>INSCR\u00cdBETE<a href=\"https:\/\/us06web.zoom.us\/meeting\/register\/fZSpRZvCQm-VgmBxQdS2gQ\">&nbsp;<strong><mark style=\"background-color:rgba(0, 0, 0, 0)\" class=\"has-inline-color has-black-color\">AQU\u00cd&nbsp;<\/mark><\/strong><\/a><\/p><p><strong><mark style=\"background-color:rgba(0, 0, 0, 0)\" class=\"has-inline-color has-luminous-vivid-orange-color\">CONTACTO<\/mark><\/strong><\/p><p>General:&nbsp;<a href=\"mailto:info@caae.es\">info@caae.es<\/a><\/p><hr class=\"wp-block-separator has-alpha-channel-opacity\"\/><p><mark style=\"background-color:rgba(0, 0, 0, 0)\" class=\"has-inline-color has-cyan-bluish-gray-color\"><a href=\"https:\/\/campus.caae.es\/eva\/politica-de-proteccion-de-datos-para-webinar-asia-y-america-dos-continentes-en-buscade-producto-organico-espanol\/\">Consulte&nbsp;Nuestra pol\u00edtica de protecci\u00f3n de datos&nbsp;para esta jornada<\/a><\/mark><\/p>","protected":false},"excerpt":{"rendered":"<p>Asia y Am\u00e9rica: dos continentes en busca de producto org\u00e1nico espa\u00f1ol CAAE, empresa l\u00edder de certificaci\u00f3n,&nbsp;organiza un webinar sobre la exportaci\u00f3n de productos ecol\u00f3gicos a los principales mercados internacionales. Los&nbsp;productos&#8230;<\/p>\n","protected":false},"author":27,"featured_media":0,"parent":0,"menu_order":0,"comment_status":"closed","ping_status":"closed","template":"","meta":{"footnotes":""},"_links":{"self":[{"href":"https:\/\/campus.caae.es\/eva\/wp-json\/wp\/v2\/pages\/9359"}],"collection":[{"href":"https:\/\/campus.caae.es\/eva\/wp-json\/wp\/v2\/pages"}],"about":[{"href":"https:\/\/campus.caae.es\/eva\/wp-json\/wp\/v2\/types\/page"}],"author":[{"embeddable":true,"href":"https:\/\/campus.caae.es\/eva\/wp-json\/wp\/v2\/users\/27"}],"replies":[{"embeddable":true,"href":"https:\/\/campus.caae.es\/eva\/wp-json\/wp\/v2\/comments?post=9359"}],"version-history":[{"count":6,"href":"https:\/\/campus.caae.es\/eva\/wp-json\/wp\/v2\/pages\/9359\/revisions"}],"predecessor-version":[{"id":9371,"href":"https:\/\/campus.caae.es\/eva\/wp-json\/wp\/v2\/pages\/9359\/revisions\/9371"}],"wp:attachment":[{"href":"https:\/\/campus.caae.es\/eva\/wp-json\/wp\/v2\/media?parent=9359"}],"curies":[{"name":"wp","href":"https:\/\/api.w.org\/{rel}","templated":true}]}}