{"id":9366,"date":"2026-04-01T11:51:42","date_gmt":"2026-04-01T09:51:42","guid":{"rendered":"https:\/\/campus.caae.es\/eva\/?page_id=9366"},"modified":"2026-04-01T11:51:44","modified_gmt":"2026-04-01T09:51:44","slug":"politica-de-proteccion-de-datos-para-webinar-asia-y-america-dos-continentes-en-buscade-producto-organico-espanol","status":"publish","type":"page","link":"https:\/\/campus.caae.es\/eva\/politica-de-proteccion-de-datos-para-webinar-asia-y-america-dos-continentes-en-buscade-producto-organico-espanol\/","title":{"rendered":"P\u00d3LITICA DE PROTECCI\u00d3N DE DATOS PARA WEBINAR \u201cASIA Y AM\u00c9RICA: DOS CONTINENTES EN BUSCADE PRODUCTO ORG\u00c1NICO ESPA\u00d1OL\u201d"},"content":{"rendered":"<h2 class=\"wp-block-heading\"><mark style=\"background-color:rgba(0, 0, 0, 0)\" class=\"has-inline-color has-vivid-green-cyan-color\">P\u00d3LITICA DE PROTECCI\u00d3N DE DATOS CAAE<\/mark><\/h2><p>la aceptaci\u00f3n de la pol\u00edtica por el siguiente texto para cumplir con la normativa de protecci\u00f3n de datos:<br><br><strong>Responsable: SERVICIO DE CERTIFICACI\u00d3N CAAE, S.L.U.<\/strong><br><br><strong>Fines y legitimaci\u00f3n del tratamiento: <\/strong>inscripci\u00f3n, gesti\u00f3n y control del webinar de CAAE <strong>\u201cAsia y \u00c1m\u00e9rica: dos continentes en busca de producto org\u00e1nico espa\u00f1ol\u201d <\/strong>(para la ejecuci\u00f3n de un contrato o precontrato con el interesado art. 6.1.b RGPD)<br><br><strong>Criterios de conservaci\u00f3n de los datos:<\/strong> se conservar\u00e1n durante no m\u00e1s tiempo del necesario para mantener el fin del tratamiento o mientras existan prescripciones legales que dictaminen su custodia y cuando ya no sea necesario para ello, se suprimir\u00e1n con medidas de seguridad adecuadas para garantizar la anonimizaci\u00f3n de los datos o la destrucci\u00f3n total de los mismos.<br><br><strong>Comunicaci\u00f3n de los datos: <\/strong>se podr\u00e1n comunicar sus datos a terceros por ser necesarios para lograr la finalidad del tratamiento, o por obligaci\u00f3n legal.<br>Derechos que asisten al Usuario: Derecho de acceso, rectificaci\u00f3n, portabilidad y supresi\u00f3n de sus datos, y de limitaci\u00f3n u oposici\u00f3n a su tratamiento. Derecho a presentar una reclamaci\u00f3n ante la Autoridad de control (<a href=\"http:\/\/www.aepd.es\" data-type=\"link\" data-id=\"www.aepd.es\">www.aepd.es<\/a>) si considera que el tratamiento no se ajusta a la normativa vigente.<br><br><strong>Datos de contacto para ejercer sus derechos: <\/strong><a href=\"mailto:protecciondedatos@caae.es\">protecciondedatos@caae.es<\/a>. AVENIDA DIEGO MARTINEZ BARRIO (Edificio INSUR), 10 3\u00aa planta, m\u00f3dulo 12 &#8211; 41013 SEVILLA (Sevilla). Contacto del Delegado de Protecci\u00f3n de Datos: <a href=\"mailto:RGPD@FERNANDEZPALACIOS.COM\">RGPD@FERNANDEZPALACIOS.COM<\/a> y domicilio en Plaza de la Magdalena, n\u00ba9, piso 4\u00ba, Sevilla, 41001.<\/p>","protected":false},"excerpt":{"rendered":"<p>P\u00d3LITICA DE PROTECCI\u00d3N DE DATOS CAAE la aceptaci\u00f3n de la pol\u00edtica por el siguiente texto para cumplir con la normativa de protecci\u00f3n de datos: Responsable: SERVICIO DE CERTIFICACI\u00d3N CAAE, S.L.U&#8230;.<\/p>\n","protected":false},"author":27,"featured_media":0,"parent":0,"menu_order":0,"comment_status":"closed","ping_status":"closed","template":"","meta":{"footnotes":""},"_links":{"self":[{"href":"https:\/\/campus.caae.es\/eva\/wp-json\/wp\/v2\/pages\/9366"}],"collection":[{"href":"https:\/\/campus.caae.es\/eva\/wp-json\/wp\/v2\/pages"}],"about":[{"href":"https:\/\/campus.caae.es\/eva\/wp-json\/wp\/v2\/types\/page"}],"author":[{"embeddable":true,"href":"https:\/\/campus.caae.es\/eva\/wp-json\/wp\/v2\/users\/27"}],"replies":[{"embeddable":true,"href":"https:\/\/campus.caae.es\/eva\/wp-json\/wp\/v2\/comments?post=9366"}],"version-history":[{"count":1,"href":"https:\/\/campus.caae.es\/eva\/wp-json\/wp\/v2\/pages\/9366\/revisions"}],"predecessor-version":[{"id":9367,"href":"https:\/\/campus.caae.es\/eva\/wp-json\/wp\/v2\/pages\/9366\/revisions\/9367"}],"wp:attachment":[{"href":"https:\/\/campus.caae.es\/eva\/wp-json\/wp\/v2\/media?parent=9366"}],"curies":[{"name":"wp","href":"https:\/\/api.w.org\/{rel}","templated":true}]}}