{"id":8542,"date":"2024-12-23T12:45:28","date_gmt":"2024-12-23T11:45:28","guid":{"rendered":"https:\/\/campus.caae.es\/eva\/?post_type=product&#038;p=8542"},"modified":"2026-03-05T10:39:07","modified_gmt":"2026-03-05T09:39:07","slug":"curso-de-cosmetica-2-packaging-y-etiquetado","status":"publish","type":"product","link":"https:\/\/campus.caae.es\/eva\/producto\/curso-de-cosmetica-2-packaging-y-etiquetado\/","title":{"rendered":"Curso de cosm\u00e9tica 2: Packaging y etiquetado"},"content":{"rendered":"","protected":false},"excerpt":{"rendered":"<p><strong>IMPORTANTE: Para matricularse en cursos de CAMPUS CAAE, es necesario registrarse como usuario. <a href=\"https:\/\/campus.caae.es\/eva\/wp-content\/uploads\/2022\/02\/Instrucciones-para-registrar-en-la-plataforma-de-inscripciones-Campus-CAAE.pdf\" target=\"_blank\" rel=\"noopener\">AQU\u00cd<\/a> se puede descargar Manual de instrucci\u00f3n de c\u00f3mo se realiza el registro. <\/strong><\/p>\n<p>Este curso cuenta con <b>6.5<\/b><strong>\u00a0horas lectivas<\/strong> (5 horas lectivas y 1.5 horas de aula magistral)<\/p>\n<p>El precio incluye el uso de la plataforma e-learning, con acceso al contenido incluido en la misma, el visionado de una clase magistral, los v\u00eddeos tutoriales, el acceso a los estudios de caso y el servicio de tutor\u00eda.<\/p>\n<p><b>Acci\u00f3n bonificable a trav\u00e9s de FUNDAE\u00a0<\/b><\/p>\n<p><strong>INFORMACI\u00d3N SOBRE IMPUESTOS<\/strong>:<br \/>\nLos impuestos que aparecen indicados por defecto son los aplicables en Espa\u00f1a, lugar de origen de la tienda. Conforme se avance en el proceso de compra online y se seleccione el pa\u00eds desde el que se est\u00e1 comprando, se aplicar\u00e1n los impuestos correspondientes a dicho pa\u00eds.<\/p>\n<p>Descargar aqu\u00ed\u00a0las\u00a0<strong>bases del curso<\/strong>\u00a0en formato pdf.<\/p>\n<p><b>\u00bfTienes alguna duda? <font color=\"#FF0000\"><a href=\"https:\/\/campus.caae.es\/eva\/contacta\/\"><font color=\"#FF0000\">Contacta con nosotros<\/font><\/a>.\u00a0<\/font><\/b><\/p>\n","protected":false},"featured_media":8164,"template":"","meta":[],"product_cat":[61,100],"product_tag":[],"_links":{"self":[{"href":"https:\/\/campus.caae.es\/eva\/wp-json\/wp\/v2\/product\/8542"}],"collection":[{"href":"https:\/\/campus.caae.es\/eva\/wp-json\/wp\/v2\/product"}],"about":[{"href":"https:\/\/campus.caae.es\/eva\/wp-json\/wp\/v2\/types\/product"}],"wp:featuredmedia":[{"embeddable":true,"href":"https:\/\/campus.caae.es\/eva\/wp-json\/wp\/v2\/media\/8164"}],"wp:attachment":[{"href":"https:\/\/campus.caae.es\/eva\/wp-json\/wp\/v2\/media?parent=8542"}],"wp:term":[{"taxonomy":"product_cat","embeddable":true,"href":"https:\/\/campus.caae.es\/eva\/wp-json\/wp\/v2\/product_cat?post=8542"},{"taxonomy":"product_tag","embeddable":true,"href":"https:\/\/campus.caae.es\/eva\/wp-json\/wp\/v2\/product_tag?post=8542"}],"curies":[{"name":"wp","href":"https:\/\/api.w.org\/{rel}","templated":true}]}}