{"id":8593,"date":"2025-01-09T08:18:16","date_gmt":"2025-01-09T07:18:16","guid":{"rendered":"https:\/\/campus.caae.es\/eva\/?post_type=product&#038;p=8593"},"modified":"2025-10-09T14:22:34","modified_gmt":"2025-10-09T12:22:34","slug":"pack-formacion-cosmetica-cosmos-curso-123","status":"publish","type":"product","link":"https:\/\/campus.caae.es\/eva\/producto\/pack-formacion-cosmetica-cosmos-curso-123\/","title":{"rendered":"PACK FORMACI\u00d3N COSM\u00c9TICA COSMOS (Curso 1+2+3)"},"content":{"rendered":"","protected":false},"excerpt":{"rendered":"<p><strong>IMPORTANTE: Para matricularse en cursos de CAMPUS CAAE, es necesario registrarse como usuario. <a href=\"https:\/\/campus.caae.es\/eva\/wp-content\/uploads\/2022\/02\/Instrucciones-para-registrar-en-la-plataforma-de-inscripciones-Campus-CAAE.pdf\" target=\"_blank\" rel=\"noopener\">AQU\u00cd<\/a> se puede descargar Manual de instrucci\u00f3n de c\u00f3mo se realiza el registro. <\/strong><\/p>\n<p>Este pack de formaci\u00f3n cosm\u00e9tica COSMOS se compone de 3 cursos\u00a0 que se ofrecen cada uno por separado. Al realizar el programa completo, tenemos un precio especial.<\/p>\n<p>&nbsp;<\/p>\n<p>&nbsp;<\/p>\n<p>&nbsp;<\/p>\n<p>&nbsp;<\/p>\n<p>El precio incluye el uso de la plataforma e-learning, con acceso al contenido incluido en la misma, el visionado de las clases magistrales, los v\u00eddeos tutoriales, el acceso a los estudios de caso y el servicio de tutor\u00eda.<\/p>\n<p><b>Acci\u00f3n bonificable a trav\u00e9s de FUNDAE\u00a0<\/b><\/p>\n<p><strong>INFORMACI\u00d3N SOBRE IMPUESTOS<\/strong>:<br \/>\nLos impuestos que aparecen indicados por defecto son los aplicables en Espa\u00f1a, lugar de origen de la tienda. Conforme se avance en el proceso de compra online y se seleccione el pa\u00eds desde el que se est\u00e1 comprando, se aplicar\u00e1n los impuestos correspondientes a dicho pa\u00eds.<\/p>\n<p>Descargar aqu\u00ed\u00a0las<a href=\"https:\/\/campus.caae.es\/eva\/wp-content\/uploads\/2024\/12\/Bases-Curso-Cosmetica-2024-Rev01-12192024.pdf\">\u00a0<strong>bases del curso<\/strong><\/a>\u00a0en formato pdf.<\/p>\n<p>&nbsp;<\/p>\n<p><b>\u00bfTienes alguna duda? <font color=\"#FF0000\"><a href=\"https:\/\/campus.caae.es\/eva\/contacta\/\"><font color=\"#FF0000\">Contacta con<\/font> <font color=\"#FF0000\">nosotros<\/font><\/a>.\u00a0<\/font><\/b><\/p>\n","protected":false},"featured_media":8561,"template":"","meta":[],"product_cat":[61,100],"product_tag":[],"_links":{"self":[{"href":"https:\/\/campus.caae.es\/eva\/wp-json\/wp\/v2\/product\/8593"}],"collection":[{"href":"https:\/\/campus.caae.es\/eva\/wp-json\/wp\/v2\/product"}],"about":[{"href":"https:\/\/campus.caae.es\/eva\/wp-json\/wp\/v2\/types\/product"}],"wp:featuredmedia":[{"embeddable":true,"href":"https:\/\/campus.caae.es\/eva\/wp-json\/wp\/v2\/media\/8561"}],"wp:attachment":[{"href":"https:\/\/campus.caae.es\/eva\/wp-json\/wp\/v2\/media?parent=8593"}],"wp:term":[{"taxonomy":"product_cat","embeddable":true,"href":"https:\/\/campus.caae.es\/eva\/wp-json\/wp\/v2\/product_cat?post=8593"},{"taxonomy":"product_tag","embeddable":true,"href":"https:\/\/campus.caae.es\/eva\/wp-json\/wp\/v2\/product_tag?post=8593"}],"curies":[{"name":"wp","href":"https:\/\/api.w.org\/{rel}","templated":true}]}}