{"id":8673,"date":"2025-03-10T08:30:48","date_gmt":"2025-03-10T07:30:48","guid":{"rendered":"https:\/\/campus.caae.es\/eva\/?post_type=product&#038;p=8673"},"modified":"2025-10-27T09:30:40","modified_gmt":"2025-10-27T08:30:40","slug":"cualifiacion-auditores-agricultura","status":"publish","type":"product","link":"https:\/\/campus.caae.es\/eva\/producto\/cualifiacion-auditores-agricultura\/","title":{"rendered":"CUALIFIACI\u00d3N DE AUDITORES ESPECIFICO, FUNDAMENTOS AGRICULTURA (Auditor 2018\/848_Agricultura)"},"content":{"rendered":"<h3><\/h3>\n<p>&nbsp;<\/p>\n","protected":false},"excerpt":{"rendered":"<h3>Curso de Auditor 2018\/848_Agricultura<br \/>\nCUALIFIACI\u00d3N DE AUDITORES ESPECIFICO, FUNDAMENTOS AGRICULTURA<\/h3>\n<h3>Base imponible: 200\u20ac<\/h3>\n<h3>(el precio con el IVA incluido es de 242,00<b>\u20ac<\/b>)<\/h3>\n<p>Tras el \u00e9xito en las ediciones anteriores, comienza esta edici\u00f3n <strong>con en el \u201cCampus CAAE\u201d en nuevo formato.<\/strong>.Este curso tiene como <b>objetivo<\/b> dotar al participante de los conocimientos y destrezas necesarias para desarrollar y dirigir a una auditor\u00eda de alcance de producci\u00f3n vegetal (agricultura) de acuerdo a los requisitos de las normas en vigor para la certificaci\u00f3n UE de la producci\u00f3n ecol\u00f3gica.<br \/>\nEs un curso espec\u00edfico adaptado a los distintos fundamentos principales de trabajo de producci\u00f3n vegetal (agricultura)<\/p>\n<p><font color=\"#FF0000\"><b>Disponible todo el a\u00f1o<\/b><\/font><\/p>\n<p><b>Duraci\u00f3n del curso: 10 semanas<\/b><\/p>\n<p>Este curso cuenta con <b>25\u00a0horas lectivas<\/b>.<\/p>\n<p>Contenido:<\/p>\n<p>CUALIFIACI\u00d3N DE AUDITORES ESPECIFICO, FUNDAMENTOS AGRICULTURA (Auditor 2018\/848_Agricultura)<br \/>\nPlanificaci\u00f3n de auditor\u00edas:<br \/>\n&#8211; Conceptos b\u00e1sicos.<br \/>\n&#8211; Criterios para la correcta planificaci\u00f3n.<br \/>\nFases de la auditor\u00eda:<br \/>\n&#8211; Preparaci\u00f3n de la auditor\u00eda.<br \/>\n&#8211; Actitud durante la auditor\u00eda.<br \/>\n&#8211; Reuni\u00f3n inicial.<br \/>\n&#8211; Evaluaci\u00f3n del sistema de autocontrol.<br \/>\n&#8211; Inspecci\u00f3n del proceso productivo.<br \/>\n&#8211; Toma de muestras y ensayo.<br \/>\n&#8211; Reuni\u00f3n final.<br \/>\nEstudios de caso<\/p>\n<p><a href=\"https:\/\/campus.caae.es\/eva\/wp-content\/uploads\/2025\/07\/BASES-DEL-CURSO-de-Auditores-2025-sin-fechas.pdf\"><font color=\"#FF0000\"><b>DESCARGAR AQU\u00cd<\/b><\/font><\/a>\u00a0las <strong>bases del curso<\/strong> en formato pdf.<\/p>\n<p><b>\u00bfTienes alguna duda? <font color=\"#FF0000\"><a href=\"https:\/\/forms.caae.es\/caae\/form\/SolicitudOfertaOnlineFormacin\/formperma\/QQz7YzKPexhar0MhgkXvnggUTkPUDPe_9OK5l0llXz4\" target=\"_blank\" rel=\"noopener\"><font color=\"#FF0000\">Contacta con nosotros<\/font><\/a>.\u00a0<\/font><\/b><\/p>\n","protected":false},"featured_media":8617,"template":"","meta":[],"product_cat":[61,98],"product_tag":[],"_links":{"self":[{"href":"https:\/\/campus.caae.es\/eva\/wp-json\/wp\/v2\/product\/8673"}],"collection":[{"href":"https:\/\/campus.caae.es\/eva\/wp-json\/wp\/v2\/product"}],"about":[{"href":"https:\/\/campus.caae.es\/eva\/wp-json\/wp\/v2\/types\/product"}],"wp:featuredmedia":[{"embeddable":true,"href":"https:\/\/campus.caae.es\/eva\/wp-json\/wp\/v2\/media\/8617"}],"wp:attachment":[{"href":"https:\/\/campus.caae.es\/eva\/wp-json\/wp\/v2\/media?parent=8673"}],"wp:term":[{"taxonomy":"product_cat","embeddable":true,"href":"https:\/\/campus.caae.es\/eva\/wp-json\/wp\/v2\/product_cat?post=8673"},{"taxonomy":"product_tag","embeddable":true,"href":"https:\/\/campus.caae.es\/eva\/wp-json\/wp\/v2\/product_tag?post=8673"}],"curies":[{"name":"wp","href":"https:\/\/api.w.org\/{rel}","templated":true}]}}