{"id":9054,"date":"2025-08-22T09:50:44","date_gmt":"2025-08-22T07:50:44","guid":{"rendered":"https:\/\/campus.caae.es\/eva\/?post_type=product&#038;p=9054"},"modified":"2026-02-19T15:11:32","modified_gmt":"2026-02-19T14:11:32","slug":"transacciones_ue_coi_traces","status":"publish","type":"product","link":"https:\/\/campus.caae.es\/eva\/producto\/transacciones_ue_coi_traces\/","title":{"rendered":"Transacciones de Productos Org\u00e1nicos a la UE (COI-TRACES)"},"content":{"rendered":"","protected":false},"excerpt":{"rendered":"<div>\n<h3>(el precio con el IVA incluido es de 181,50<b>\u20ac<\/b>)<\/h3>\n<p><span class=\"\" lang=\"ES-ES\" xml:lang=\"ES-ES\" data-contrast=\"auto\">Este curso integral est\u00e1 dise\u00f1ado para profesionales que desean especializarse en la importaci\u00f3n de productos org\u00e1nicos dentro del marco normativo europeo.<br \/>\nAprender\u00e1s a navegar por los detalles del <b>Reglamento (UE) 2018\/848<\/b> y acercarte el uso de<b> la plataforma TRACES NT<\/b> para gestionar la documentaci\u00f3n relacionada con tus importaciones.<\/span><\/p>\n<\/div>\n<div><span class=\"\" lang=\"ES-ES\" xml:lang=\"ES-ES\" data-contrast=\"auto\">La formaci\u00f3n combina aspectos te\u00f3ricos fundamentales con ejemplos pr\u00e1cticos basados en casos reales, proporcionando las herramientas necesarias para cumplir con todos los requisitos legales y operativos del sector org\u00e1nico.<\/span><span class=\"\" data-ccp-props=\"{&quot;335551550&quot;:6,&quot;335551620&quot;:6}\">\u00a0<\/span><\/div>\n<div><\/div>\n<div>\n<p>Este curso cuenta con <font color=\"#000000\"><b>15 horas lectivas.<\/b><\/font><\/p>\n<p><b>Fecha:<\/b><br \/>\nSe puede iniciar <b>cualquier momento.<\/b> De momento del inicio, se dispone <b>30 d\u00edas de tiempo de conexi\u00f3n.<\/b><\/p>\n<p><em>A continuaci\u00f3n, le explicamos como puede realizar la compra del curso:<\/em><\/p>\n<p><font color=\"#FF6600\"><b>Para personas de LATAM<\/b> <\/font><em>(Pago en d\u00f3lares o moneda del pa\u00eds), <\/em><em>pinche <a href=\"https:\/\/campus.caae.es\/eva\/nuevos-cursos-para-america\/\"><strong><u>AQU\u00cd para obtener m\u00e1s informaci\u00f3n<\/u><\/strong><\/a><\/em><\/p>\n<p><font color=\"#FF6600\"><b>Para personas de EUROPA<\/b><\/font> REGISTRE PULSANDO ESTE ENLACE: \u00a0<a href=\"https:\/\/forms.caae.es\/caae\/form\/SolicitudOfertaOnlineFormacin\/formperma\/QQz7YzKPexhar0MhgkXvnggUTkPUDPe_9OK5l0llXz4\"><b>Solicitud de Inscripci\u00f3n<\/b><\/a><\/p>\n<p>Ambos casos, el elnace de inscripci\u00f3n est\u00e1 en <a href=\"https:\/\/campus.caae.es\/eva\">la p\u00e1gina principal.\u00a0<\/a><\/p>\n<\/div>\n","protected":false},"featured_media":9007,"template":"","meta":[],"product_cat":[61,103],"product_tag":[],"_links":{"self":[{"href":"https:\/\/campus.caae.es\/eva\/wp-json\/wp\/v2\/product\/9054"}],"collection":[{"href":"https:\/\/campus.caae.es\/eva\/wp-json\/wp\/v2\/product"}],"about":[{"href":"https:\/\/campus.caae.es\/eva\/wp-json\/wp\/v2\/types\/product"}],"wp:featuredmedia":[{"embeddable":true,"href":"https:\/\/campus.caae.es\/eva\/wp-json\/wp\/v2\/media\/9007"}],"wp:attachment":[{"href":"https:\/\/campus.caae.es\/eva\/wp-json\/wp\/v2\/media?parent=9054"}],"wp:term":[{"taxonomy":"product_cat","embeddable":true,"href":"https:\/\/campus.caae.es\/eva\/wp-json\/wp\/v2\/product_cat?post=9054"},{"taxonomy":"product_tag","embeddable":true,"href":"https:\/\/campus.caae.es\/eva\/wp-json\/wp\/v2\/product_tag?post=9054"}],"curies":[{"name":"wp","href":"https:\/\/api.w.org\/{rel}","templated":true}]}}