{"id":9217,"date":"2026-01-13T18:13:43","date_gmt":"2026-01-13T17:13:43","guid":{"rendered":"https:\/\/campus.caae.es\/eva\/?post_type=product&#038;p=9217"},"modified":"2026-02-26T12:36:56","modified_gmt":"2026-02-26T11:36:56","slug":"produccion-ecologica-general","status":"publish","type":"product","link":"https:\/\/campus.caae.es\/eva\/producto\/produccion-ecologica-general\/","title":{"rendered":"PRODUCCI\u00d3N ECOL\u00d3GICA  GENERAL"},"content":{"rendered":"","protected":false},"excerpt":{"rendered":"<h3>(el precio con el IVA incluido es de 181,50\u20ac)<\/h3>\n<h3><span style=\"font-size: 16px;\">OBJETIVOS<\/span><\/h3>\n<div>\n<p><span class=\"a_GcMg font-feature-liga-off font-feature-clig-off font-feature-calt-off text-decoration-none text-strikethrough-none\">Conocer como se trabaja en producci\u00f3n ecol\u00f3gica, nunca ha sido tan f\u00e1cil, conocer\u00e1s los detalles del Reglamento (UE) 2018\/848* para gestionar cualquier explotaci\u00f3n.<br \/>\n<\/span><span class=\"a_GcMg font-feature-liga-off font-feature-clig-off font-feature-calt-off text-decoration-none text-strikethrough-none\">*REGLAMENTO (UE) 2019\/1009 DEL PARLAMENTO EUROPEO Y DEL CONSEJO de 5 de junio de 2019<\/span><\/p>\n<div>\n<p>DIRIGIDO A<br \/>\n<span class=\"a_GcMg font-feature-liga-off font-feature-clig-off font-feature-calt-off text-decoration-none text-strikethrough-none\">Cualquier perfil de persona con inter\u00e9s en la producci\u00f3n ecol\u00f3gica certificada.<br \/>\n<\/span><\/p>\n<p><span class=\"a_GcMg font-feature-liga-off font-feature-clig-off font-feature-calt-off text-decoration-none text-strikethrough-none\">CONTENIDO (Se detalla en la ficha t\u00e9cnica)<\/span><\/p>\n<ul>\n<li><span class=\"a_GcMg font-feature-liga-off font-feature-clig-off font-feature-calt-off text-decoration-none text-strikethrough-none\">Parte 1: Introducci\u00f3n al sector. La producci\u00f3n ecol\u00f3gica.<\/span><\/li>\n<li><span class=\"a_GcMg font-feature-liga-off font-feature-clig-off font-feature-calt-off text-decoration-none text-strikethrough-none\">Parte 2: Concepto y funcionamiento del sistema TRACES<\/span><\/li>\n<li><span class=\"a_GcMg font-feature-liga-off font-feature-clig-off font-feature-calt-off text-decoration-none text-strikethrough-none\">Parte 3: Ejemplos de situaciones reales<\/span><\/li>\n<li><span class=\"a_GcMg font-feature-liga-off font-feature-clig-off font-feature-calt-off text-decoration-none text-strikethrough-none\">Parte 4: Introducci\u00f3n al sector. CAAE.<\/span><\/li>\n<li><span class=\"a_GcMg font-feature-liga-off font-feature-clig-off font-feature-calt-off text-decoration-none text-strikethrough-none\">Parte 5: Introducci\u00f3n al sector. Proceso de certificaci\u00f3n. Parte 1.<\/span><\/li>\n<li><span class=\"a_GcMg font-feature-liga-off font-feature-clig-off font-feature-calt-off text-decoration-none text-strikethrough-none\">Parte 6: Introducci\u00f3n al sector. Proceso de certificaci\u00f3n. Parte 2.<\/span><\/li>\n<li><span class=\"a_GcMg font-feature-liga-off font-feature-clig-off font-feature-calt-off text-decoration-none text-strikethrough-none\">Parte 7: Criterios para elaborar un Plan de Acciones Correctivas eficiente.<\/span><\/li>\n<li><span class=\"a_GcMg font-feature-liga-off font-feature-clig-off font-feature-calt-off text-decoration-none text-strikethrough-none\">Parte 8: Cuaderno de explotaci\u00f3n agraria.<\/span><\/li>\n<\/ul>\n<div>Descargar la ficha t\u00e9cnica del curso desde <b><a href=\"https:\/\/campus.caae.es\/eva\/wp-content\/uploads\/2026\/02\/Ficha-tecnica-Produccion-ecologica-general.pdf\">AQU\u00cd<\/a><\/b><\/div>\n<div><\/div>\n<div>\n<p><font color=\"#FF6600\"><b>Para personas de LATAM<\/b>\u00a0<\/font><em>(Pago en d\u00f3lares o moneda del pa\u00eds),\u00a0<\/em><em>pulsa\u00a0<a href=\"https:\/\/campus.caae.es\/eva\/nuevos-cursos-para-america\/\" target=\"_blank\" rel=\"noopener\"><strong><u>AQU\u00cd para obtener m\u00e1s informaci\u00f3n<\/u><\/strong><\/a><\/em><\/p>\n<p><font color=\"#FF6600\"><b>Para personas de EUROPA<\/b><\/font><em>\u00a0(Pago en \u20ac) continue por aqu\u00ed\u00a0<\/em><a href=\"https:\/\/forms.caae.es\/caae\/form\/SolicitudOfertaOnlineFormacin\/formperma\/QQz7YzKPexhar0MhgkXvnggUTkPUDPe_9OK5l0llXz4\"><b>Solicitud de Inscripci\u00f3n<\/b><\/a><\/p>\n<\/div>\n<div>\n<p><b>\u00bfTienes alguna duda?\u00a0<font color=\"#FF0000\"><a href=\"https:\/\/forms.caae.es\/caae\/form\/SolicitudInformacionOnlineFormacin\/formperma\/GzXJeGmtdMksHCK1zPZVPMFiIg5QOIowUJVnlriT5L0\">Contacta con nosotros<\/a>.\u00a0<\/font><\/b><\/p>\n<\/div>\n<\/div>\n<\/div>\n<p>&nbsp;<\/p>\n","protected":false},"featured_media":9216,"template":"","meta":[],"product_cat":[61],"product_tag":[],"_links":{"self":[{"href":"https:\/\/campus.caae.es\/eva\/wp-json\/wp\/v2\/product\/9217"}],"collection":[{"href":"https:\/\/campus.caae.es\/eva\/wp-json\/wp\/v2\/product"}],"about":[{"href":"https:\/\/campus.caae.es\/eva\/wp-json\/wp\/v2\/types\/product"}],"wp:featuredmedia":[{"embeddable":true,"href":"https:\/\/campus.caae.es\/eva\/wp-json\/wp\/v2\/media\/9216"}],"wp:attachment":[{"href":"https:\/\/campus.caae.es\/eva\/wp-json\/wp\/v2\/media?parent=9217"}],"wp:term":[{"taxonomy":"product_cat","embeddable":true,"href":"https:\/\/campus.caae.es\/eva\/wp-json\/wp\/v2\/product_cat?post=9217"},{"taxonomy":"product_tag","embeddable":true,"href":"https:\/\/campus.caae.es\/eva\/wp-json\/wp\/v2\/product_tag?post=9217"}],"curies":[{"name":"wp","href":"https:\/\/api.w.org\/{rel}","templated":true}]}}