{"id":9255,"date":"2026-02-18T09:10:52","date_gmt":"2026-02-18T08:10:52","guid":{"rendered":"https:\/\/campus.caae.es\/eva\/?post_type=product&#038;p=9255"},"modified":"2026-02-18T09:23:04","modified_gmt":"2026-02-18T08:23:04","slug":"productos-fertilizantes-elaboracion-de-dossier-tecnico","status":"publish","type":"product","link":"https:\/\/campus.caae.es\/eva\/producto\/productos-fertilizantes-elaboracion-de-dossier-tecnico\/","title":{"rendered":"Productos Fertilizantes : Elaboraci\u00f3n de Dossi\u00e9r T\u00e9cnico 2026"},"content":{"rendered":"","protected":false},"excerpt":{"rendered":"<h3>(el precio con el IVA incluido es de 605<b>\u20ac<\/b>)<\/h3>\n<p>Tras \u00e9xito con cursos de formaci\u00f3n de auditores de diferentes normativas, y de las primeras ediciones del curso \u201cProductos fertilizantes Reglamento UE 2019\/1009\u201d comenzamos con este <strong>Curso, Productos fertilizantes: Requisitos para la Elaboraci\u00f3n del dossier t\u00e9cnico en nuestra plataforma de aprendizaje virtual llamada \u201cCampus CAAE\u201d.<\/strong>\u00a0Adem\u00e1s, coincide en que nuestra entidad haya sido autorizado como el \u00fanico organismo notificado de Espa\u00f1a<\/p>\n<p>Este curso tiene como objetivo dotar a los y las participantes de los conocimientos y destrezas necesarias para los requisitos que deber\u00e1n cumplir los productos fertilizantes para su comercializaci\u00f3n en la UE, as\u00ed como prepararlos para desarrollar y dirigir una auditor\u00eda (interna\/externa) de acuerdo con los requisitos del nuevo reglamento UE europeo para los productos fertilizantes.<\/p>\n<p><b>Fechas: Disponible todo el a\u00f1o. (C<\/b><b>onsulta con area de formaci\u00f3n formacion@caae.es)<br \/>\n<\/b><\/p>\n<p><b>Tiempo de Conexi\u00f3n: 1 mes.<\/b><br \/>\nEste curso cuenta con <b>30 horas lectivas<\/b>.<\/p>\n<p>Descargar<font color=\"#FF0000\"> <a href=\"https:\/\/campus.caae.es\/eva\/wp-content\/uploads\/2026\/02\/BASES-DEL-CURSO-Dossier_2025-2026-sin-fechas.pdf\" target=\"_blank\" rel=\"noopener\"><b><font color=\"#FF0000\">AQU\u00cd<\/font><\/b><\/a>\u00a0<\/font>las <strong>bases del curso<\/strong> en formato pdf.<\/p>\n<p>&nbsp;<\/p>\n","protected":false},"featured_media":7741,"template":"","meta":[],"product_cat":[61,99],"product_tag":[],"_links":{"self":[{"href":"https:\/\/campus.caae.es\/eva\/wp-json\/wp\/v2\/product\/9255"}],"collection":[{"href":"https:\/\/campus.caae.es\/eva\/wp-json\/wp\/v2\/product"}],"about":[{"href":"https:\/\/campus.caae.es\/eva\/wp-json\/wp\/v2\/types\/product"}],"wp:featuredmedia":[{"embeddable":true,"href":"https:\/\/campus.caae.es\/eva\/wp-json\/wp\/v2\/media\/7741"}],"wp:attachment":[{"href":"https:\/\/campus.caae.es\/eva\/wp-json\/wp\/v2\/media?parent=9255"}],"wp:term":[{"taxonomy":"product_cat","embeddable":true,"href":"https:\/\/campus.caae.es\/eva\/wp-json\/wp\/v2\/product_cat?post=9255"},{"taxonomy":"product_tag","embeddable":true,"href":"https:\/\/campus.caae.es\/eva\/wp-json\/wp\/v2\/product_tag?post=9255"}],"curies":[{"name":"wp","href":"https:\/\/api.w.org\/{rel}","templated":true}]}}