{"id":9258,"date":"2026-02-18T10:55:32","date_gmt":"2026-02-18T09:55:32","guid":{"rendered":"https:\/\/campus.caae.es\/eva\/?post_type=product&#038;p=9258"},"modified":"2026-02-24T14:24:17","modified_gmt":"2026-02-24T13:24:17","slug":"espaciosecosostenibles","status":"publish","type":"product","link":"https:\/\/campus.caae.es\/eva\/producto\/espaciosecosostenibles\/","title":{"rendered":"Espacios Eco Sostenibles"},"content":{"rendered":"","protected":false},"excerpt":{"rendered":"<div>\n<h3><font color=\"#000000\">(el precio con el IVA incluido es de 145,20<b>\u20ac<\/b>)<\/font><\/h3>\n<\/div>\n<div>\n<h2><b>ESPACIOS ECO SOSTENIBLES<\/b><\/h2>\n<p><b>OBJETIVOS<\/b><\/p>\n<p>Conocer los requisitos de la Norma de Espacios Ecosostenibles<br \/>\nque ofrece las medidas para reducir impacto ambiental<br \/>\nmediante buenas pr\u00e1cticas de uso de recursos y de insumos.<\/p>\n<\/div>\n<p><b>DIRIGIDO A<\/b><\/p>\n<div>\n<p>A cualquier perfil de persona con inter\u00e9s en la sostenibilidad, personal dedicado en gesti\u00f3n de espacios publicos como<br \/>\njardines, parques, alojamientos etc.<\/p>\n<\/div>\n<div>Este curso cuenta con <b><font color=\"#000000\">15\u00a0horas lectivas.<\/font><\/b><\/div>\n<div><\/div>\n<div>Descargar la ficha t\u00e9cnica del curso desde <a href=\"https:\/\/campus.caae.es\/eva\/wp-content\/uploads\/2026\/02\/Ficha-tecnica-de-Curso-Espacios-Eco-Sostenibles.pdf\"><b><font color=\"#FF6600\">AQU\u00cd<\/font><\/b><\/a><\/div>\n<div><\/div>\n<div>\n<p><font color=\"#FF6600\"><b>Para personas de LATAM<\/b>\u00a0<\/font><em>(Pago en d\u00f3lares o moneda del pa\u00eds),\u00a0<\/em><em>pulsa <a href=\"https:\/\/campus.caae.es\/eva\/nuevos-cursos-para-america\/\" target=\"_blank\" rel=\"noopener\"><strong><u>AQU\u00cd para obtener m\u00e1s informaci\u00f3n<\/u><\/strong><\/a><\/em><\/p>\n<p><font color=\"#FF6600\"><b>Para personas de EUROPA<\/b><\/font><em> (Pago en \u20ac) continue por aqu\u00ed <\/em><a href=\"https:\/\/forms.caae.es\/caae\/form\/SolicitudOfertaOnlineFormacin\/formperma\/QQz7YzKPexhar0MhgkXvnggUTkPUDPe_9OK5l0llXz4\"><b>Solicitud de Inscripci\u00f3n<\/b><\/a><\/p>\n<\/div>\n<div>\n<p><b>\u00bfTienes alguna duda? <font color=\"#FF0000\"><a href=\"https:\/\/forms.caae.es\/caae\/form\/SolicitudInformacionOnlineFormacin\/formperma\/GzXJeGmtdMksHCK1zPZVPMFiIg5QOIowUJVnlriT5L0\"><font color=\"#FF0000\">Contacta con nosotros<\/font><\/a>.\u00a0<\/font><\/b><\/p>\n<\/div>\n","protected":false},"featured_media":9244,"template":"","meta":[],"product_cat":[61,102],"product_tag":[],"_links":{"self":[{"href":"https:\/\/campus.caae.es\/eva\/wp-json\/wp\/v2\/product\/9258"}],"collection":[{"href":"https:\/\/campus.caae.es\/eva\/wp-json\/wp\/v2\/product"}],"about":[{"href":"https:\/\/campus.caae.es\/eva\/wp-json\/wp\/v2\/types\/product"}],"wp:featuredmedia":[{"embeddable":true,"href":"https:\/\/campus.caae.es\/eva\/wp-json\/wp\/v2\/media\/9244"}],"wp:attachment":[{"href":"https:\/\/campus.caae.es\/eva\/wp-json\/wp\/v2\/media?parent=9258"}],"wp:term":[{"taxonomy":"product_cat","embeddable":true,"href":"https:\/\/campus.caae.es\/eva\/wp-json\/wp\/v2\/product_cat?post=9258"},{"taxonomy":"product_tag","embeddable":true,"href":"https:\/\/campus.caae.es\/eva\/wp-json\/wp\/v2\/product_tag?post=9258"}],"curies":[{"name":"wp","href":"https:\/\/api.w.org\/{rel}","templated":true}]}}