{"id":9269,"date":"2026-03-05T09:18:38","date_gmt":"2026-03-05T08:18:38","guid":{"rendered":"https:\/\/campus.caae.es\/eva\/?post_type=product&#038;p=9269"},"modified":"2026-03-05T11:37:03","modified_gmt":"2026-03-05T10:37:03","slug":"productos-fertilizantes-reglamento-ue-2019-1009-2","status":"publish","type":"product","link":"https:\/\/campus.caae.es\/eva\/producto\/productos-fertilizantes-reglamento-ue-2019-1009-2\/","title":{"rendered":"PRODUCTOS FERTILIZANTES &#8211; REGLAMENTO UE 2019\/1009"},"content":{"rendered":"","protected":false},"excerpt":{"rendered":"<h3>(el precio con el IVA incluido es de <b>847\u20ac<\/b>)<\/h3>\n<p>Tras el \u00e9xito de las ediciones anteriores junto con los cursos de formaci\u00f3n de auditores de diferentes normativas, comienza esta nueva edici\u00f3n<b> en el \u201cCampus CAAE\u201d<\/b>, nuestra plataforma virtual para el aprendizaje. Adem\u00e1s, coincide en que nuestra entidad haya sido autorizado como el \u00fanico organismo notificado de Espa\u00f1a<\/p>\n<p>Este curso tiene como objetivo dotar a los y las participantes de los conocimientos y destrezas necesarias para los requisitos que deber\u00e1n cumplir los productos fertilizantes para su comercializaci\u00f3n en la UE, as\u00ed como prepararlos para desarrollar y dirigir una auditor\u00eda (interna\/externa) de acuerdo con los requisitos del nuevo reglamento UE europeo para los productos fertilizantes.<\/p>\n<p><b>Fecha de curso: Disponible todo el a\u00f1o (Consulte con el Departamento de Formaci\u00f3n )<br \/>\nTiempo de conexi\u00f3n : 45 d\u00edas.<\/b><\/p>\n<p>Este curso cuenta con <b>50 horas lectivas<\/b>.<\/p>\n<p>Descargar <a href=\"https:\/\/campus.caae.es\/eva\/wp-content\/uploads\/2026\/03\/BASES-DEL-CURSO-Fertilizantes-UE.pdf\"><b><font color=\"#FF0000\">AQU\u00cd<\/font><\/b><\/a>\u00a0las <strong>bases del curso<\/strong> en formato pdf.<\/p>\n<p>&nbsp;<\/p>\n","protected":false},"featured_media":7008,"template":"","meta":[],"product_cat":[61,99],"product_tag":[],"_links":{"self":[{"href":"https:\/\/campus.caae.es\/eva\/wp-json\/wp\/v2\/product\/9269"}],"collection":[{"href":"https:\/\/campus.caae.es\/eva\/wp-json\/wp\/v2\/product"}],"about":[{"href":"https:\/\/campus.caae.es\/eva\/wp-json\/wp\/v2\/types\/product"}],"wp:featuredmedia":[{"embeddable":true,"href":"https:\/\/campus.caae.es\/eva\/wp-json\/wp\/v2\/media\/7008"}],"wp:attachment":[{"href":"https:\/\/campus.caae.es\/eva\/wp-json\/wp\/v2\/media?parent=9269"}],"wp:term":[{"taxonomy":"product_cat","embeddable":true,"href":"https:\/\/campus.caae.es\/eva\/wp-json\/wp\/v2\/product_cat?post=9269"},{"taxonomy":"product_tag","embeddable":true,"href":"https:\/\/campus.caae.es\/eva\/wp-json\/wp\/v2\/product_tag?post=9269"}],"curies":[{"name":"wp","href":"https:\/\/api.w.org\/{rel}","templated":true}]}}